{"id":35,"date":"2014-08-29T02:09:43","date_gmt":"2014-08-29T02:09:43","guid":{"rendered":"http:\/\/wp\/?page_id=35"},"modified":"2023-11-20T12:31:47","modified_gmt":"2023-11-20T18:31:47","slug":"contacto","status":"publish","type":"page","link":"https:\/\/www.topbikes.ca\/el-salvador\/contacto\/","title":{"rendered":"Contacto"},"content":{"rendered":"\n<style type=\"text\/css\" data-created_by=\"avia_inline_auto\" id=\"style-css-av-x7bj-947ee164062512b6c6ed0b0206195ed0\">\n.avia-section.av-x7bj-947ee164062512b6c6ed0b0206195ed0 .av-parallax .av-parallax-inner{\nbackground-repeat:no-repeat;\nbackground-image:url(https:\/\/www.topbikes.ca\/el-salvador\/wp-content\/uploads\/sites\/2\/marcas.jpg);\nbackground-position:50% 50%;\nbackground-attachment:scroll;\n}\n<\/style>\n<div id='av_section_1'  class='avia-section av-x7bj-947ee164062512b6c6ed0b0206195ed0 main_color avia-section-default avia-no-border-styling  avia-builder-el-0  el_before_av_section  avia-builder-el-first  seccion-banner avia-full-stretch av-parallax-section avia-bg-style-parallax av-minimum-height av-minimum-height-custom av-height-custom  container_wrap fullsize'  data-section-bg-repeat='stretch' data-av_minimum_height_px='370'><div class='av-parallax' data-avia-parallax-ratio='0.3' ><div class='av-parallax-inner main_color avia-full-stretch'><\/div><\/div><div class='container av-section-cont-open' style='height:370px'><main  role=\"main\" itemprop=\"mainContentOfPage\"  class='template-page content  av-content-full alpha units'><div class='post-entry post-entry-type-page post-entry-35'><div class='entry-content-wrapper clearfix'>\n\n<style type=\"text\/css\" data-created_by=\"avia_inline_auto\" id=\"style-css-av-lkraoal9-88e6ae858f516a3c174738d33e372339\">\n#top .av_textblock_section.av-lkraoal9-88e6ae858f516a3c174738d33e372339 .avia_textblock{\ncolor:#ffffff;\n}\n<\/style>\n<section  class='av_textblock_section av-lkraoal9-88e6ae858f516a3c174738d33e372339 '   itemscope=\"itemscope\" itemtype=\"https:\/\/schema.org\/CreativeWork\" ><div class='avia_textblock av_inherit_color'  itemprop=\"text\" ><h1 style=\"text-align: center;\">Contacto<\/h1>\n<\/div><\/section>\n\n<\/div><\/div><\/main><!-- close content main element --><\/div><\/div><div id='pagecontact'  class='avia-section av-lgnxw5tx-a435a477f03d49e0506951ed64085952 main_color avia-section-default avia-no-border-styling  avia-builder-el-2  el_after_av_section  el_before_av_section  avia-bg-style-scroll container_wrap fullsize'  ><div class='container av-section-cont-open' ><div class='template-page content  av-content-full alpha units'><div class='post-entry post-entry-type-page post-entry-35'><div class='entry-content-wrapper clearfix'>\n<div class='flex_column_table av-1dlfz-31456e321bc3242f791ca97849ca0eaa sc-av_one_half av-equal-height-column-flextable'><div  class='flex_column av-1dlfz-31456e321bc3242f791ca97849ca0eaa av_one_half  avia-builder-el-3  el_before_av_one_half  avia-builder-el-first  first flex_column_table_cell av-equal-height-column av-align-top  '     ><p>\n<style type=\"text\/css\" data-created_by=\"avia_inline_auto\" id=\"style-css-av-lksixp6j-4621cc361fddb56af89612db0b33e1a6\">\n#top .av-special-heading.av-lksixp6j-4621cc361fddb56af89612db0b33e1a6{\npadding-bottom:10px;\n}\nbody .av-special-heading.av-lksixp6j-4621cc361fddb56af89612db0b33e1a6 .av-special-heading-tag .heading-char{\nfont-size:25px;\n}\n.av-special-heading.av-lksixp6j-4621cc361fddb56af89612db0b33e1a6 .av-subheading{\nfont-size:15px;\n}\n<\/style>\n<div  class='av-special-heading av-lksixp6j-4621cc361fddb56af89612db0b33e1a6 av-special-heading-h1 blockquote modern-quote  avia-builder-el-4  el_before_av_textblock  avia-builder-el-first  av-thin-font'><div class='av-subheading av-subheading_above'><p>Enviar un mensaje<\/p>\n<\/div><h1 class='av-special-heading-tag '  itemprop=\"headline\"  >Ponte en <strong>contacto<\/strong><\/h1><div class=\"special-heading-border\"><div class=\"special-heading-inner-border\"><\/div><\/div><\/div><br \/>\n<section  class='av_textblock_section av-lgnxvuie-4350df028967d671dbf5291ee94655d2 '   itemscope=\"itemscope\" itemtype=\"https:\/\/schema.org\/CreativeWork\" ><div class='avia_textblock'  itemprop=\"text\" ><p>Est\u00e9 preparado para proporcionar detalles sobre su posible problema, incluido el modelo de su bicicleta. Cuanta m\u00e1s informaci\u00f3n pueda proporcionar, m\u00e1s r\u00e1pido nuestro equipo podr\u00e1 proporcionar m\u00e1s informaci\u00f3n.<\/p>\n<\/div><\/section><br \/>\n<section  class='av_textblock_section av-lksj6pge-c8bbc461a68717a60bdeace7ca6f19cf '   itemscope=\"itemscope\" itemtype=\"https:\/\/schema.org\/CreativeWork\" ><div class='avia_textblock'  itemprop=\"text\" >\n<div class=\"wpcf7 no-js\" id=\"wpcf7-f461-o1\" lang=\"es-ES\" dir=\"ltr\">\n<div class=\"screen-reader-response\"><p role=\"status\" aria-live=\"polite\" aria-atomic=\"true\"><\/p> <ul><\/ul><\/div>\n<form action=\"\/el-salvador\/wp-json\/wp\/v2\/pages\/35#wpcf7-f461-o1\" method=\"post\" class=\"wpcf7-form init\" aria-label=\"Formulario de contacto\" novalidate=\"novalidate\" data-status=\"init\">\n<div style=\"display: none;\">\n<input type=\"hidden\" name=\"_wpcf7\" value=\"461\" \/>\n<input type=\"hidden\" name=\"_wpcf7_version\" value=\"5.9.3\" \/>\n<input type=\"hidden\" name=\"_wpcf7_locale\" value=\"es_ES\" \/>\n<input type=\"hidden\" name=\"_wpcf7_unit_tag\" value=\"wpcf7-f461-o1\" \/>\n<input type=\"hidden\" name=\"_wpcf7_container_post\" value=\"0\" \/>\n<input type=\"hidden\" name=\"_wpcf7_posted_data_hash\" value=\"\" \/>\n<input type=\"hidden\" name=\"_wpcf7_recaptcha_response\" value=\"\" \/>\n<\/div>\n<div class=\"row\">\n\t<div class=\"col6\">\n\t\t<p><span class=\"wpcf7-form-control-wrap\" data-name=\"your-name\"><input size=\"40\" class=\"wpcf7-form-control wpcf7-text wpcf7-validates-as-required input-class\" aria-required=\"true\" aria-invalid=\"false\" placeholder=\"Nombre completo\" value=\"\" type=\"text\" name=\"your-name\" \/><\/span>\n\t\t<\/p>\n\t<\/div>\n\t<div class=\"col6\">\n\t\t<p><span class=\"wpcf7-form-control-wrap\" data-name=\"your-email\"><input size=\"40\" class=\"wpcf7-form-control wpcf7-text wpcf7-validates-as-required input-class\" aria-required=\"true\" aria-invalid=\"false\" placeholder=\"Correo electr\u00f3nico\" value=\"\" type=\"text\" name=\"your-email\" \/><\/span>\n\t\t<\/p>\n\t<\/div>\n\t<div class=\"col6\">\n\t\t<p><span class=\"wpcf7-form-control-wrap\" data-name=\"your-subject\"><input size=\"40\" class=\"wpcf7-form-control wpcf7-text wpcf7-validates-as-required input-class\" aria-required=\"true\" aria-invalid=\"false\" placeholder=\"Asunto\" value=\"\" type=\"text\" name=\"your-subject\" \/><\/span>\n\t\t<\/p>\n\t<\/div>\n\t<div class=\"col6\">\n\t\t<p><span class=\"wpcf7-form-control-wrap\" data-name=\"your-phone\"><input size=\"40\" class=\"wpcf7-form-control wpcf7-text wpcf7-validates-as-required input-class\" aria-required=\"true\" aria-invalid=\"false\" placeholder=\"Tel\u00e9fono\" value=\"\" type=\"text\" name=\"your-phone\" \/><\/span>\n\t\t<\/p>\n\t<\/div>\n\t<div class=\"col12\">\n\t\t<p><span class=\"wpcf7-form-control-wrap\" data-name=\"your-message\"><textarea cols=\"40\" rows=\"10\" class=\"wpcf7-form-control wpcf7-textarea input-class\" aria-invalid=\"false\" placeholder=\"Mensaje\" name=\"your-message\"><\/textarea><\/span><br \/>\n<input class=\"wpcf7-form-control wpcf7-submit has-spinner input-button\" type=\"submit\" value=\"Enviar\" \/>\n\t\t<\/p>\n\t<\/div>\n<\/div><div class=\"wpcf7-response-output\" aria-hidden=\"true\"><\/div>\n<\/form>\n<\/div>\n\n<\/div><\/section><\/p><\/div><div class='av-flex-placeholder'><\/div>\n<style type=\"text\/css\" data-created_by=\"avia_inline_auto\" id=\"style-css-av-lksj027o-47378d3be97f5ab0d84cb0620686e770\">\n.flex_column.av-lksj027o-47378d3be97f5ab0d84cb0620686e770{\nbackground-color:#eeefef;\n}\n<\/style>\n<div  class='flex_column av-lksj027o-47378d3be97f5ab0d84cb0620686e770 av_one_half  avia-builder-el-7  el_after_av_one_half  el_before_av_one_full  col-information flex_column_table_cell av-equal-height-column av-align-top  '     ><p><section  class='av_textblock_section av-lksitqcl-b6fca7729f2d36c82c647e1f0a957db1 '   itemscope=\"itemscope\" itemtype=\"https:\/\/schema.org\/CreativeWork\" ><div class='avia_textblock col-info'  itemprop=\"text\" ><p><strong>DIRECCI\u00d3N<\/strong><br \/>\nPlaza Comercial Libertad Local, No.15, Avenida 2\u00b0 Av Sur<br \/>\nFrente A Costado Oriente De Ex Banco Hipotecario<\/p>\n<\/div><\/section><br \/>\n<section  class='av_textblock_section av-lksiu3dg-3e8451c5db263369e0f4c93f7b2efd51 '   itemscope=\"itemscope\" itemtype=\"https:\/\/schema.org\/CreativeWork\" ><div class='avia_textblock col-info'  itemprop=\"text\" ><p><strong>TEL\u00c9FONO<\/strong><br \/>\n<a href=\"tel:+50378418286\u202c\">\u202a+503\u00a07841\u00a08286\u202c<\/a><\/p>\n<\/div><\/section><br \/>\n<section  class='av_textblock_section av-lksiuayl-616657fb773e41bd307de89e9e6ad5d1 '   itemscope=\"itemscope\" itemtype=\"https:\/\/schema.org\/CreativeWork\" ><div class='avia_textblock col-info'  itemprop=\"text\" ><p><strong>CORREO ELECTR\u00d3NICO<\/strong><br \/>\n<a href=\"mailto:topbikeselsalvador@dibicesa.com\">topbikeselsalvador@dibicesa.com<\/a><\/p>\n<\/div><\/section><br \/>\n<section  class='av_textblock_section av-lksiupex-9e1652359f7c880cfd980efc8e458fb3 '   itemscope=\"itemscope\" itemtype=\"https:\/\/schema.org\/CreativeWork\" ><div class='avia_textblock'  itemprop=\"text\" ><p><strong>HORARIOS<\/strong><br \/>\nLunes a Viernes: 10am a 8pm<\/p>\n<p>S\u00e1bado: 9am a 2pm<\/p>\n<p>Domingo: Cerrado<\/p>\n<\/div><\/section><\/p><\/div><\/div><!--close column table wrapper. Autoclose: 1 --><div  class='flex_column av-11f67-4f7191a6b4b35bce55da8da56c2b70d0 av_one_full  avia-builder-el-12  el_after_av_one_half  avia-builder-el-last  first flex_column_div  column-top-margin'     ><section  class='av_textblock_section av-lnbufcrq-3d02f7a8ffc621347205bdc3712dd24c '   itemscope=\"itemscope\" itemtype=\"https:\/\/schema.org\/CreativeWork\" ><div class='avia_textblock'  itemprop=\"text\" ><p><iframe loading=\"lazy\" style=\"border: 0;\" src=\"https:\/\/www.google.com\/maps\/embed?pb=!1m18!1m12!1m3!1d3861.596192017147!2d-90.57773452310839!3d14.565069585917072!2m3!1f0!2f0!3f0!3m2!1i1024!2i768!4f13.1!3m3!1m2!1s0x8589a0cd2e58d573%3A0xe3d56afb7e51d576!2sCalz.%20Aguilar%20Batres%205771%2C%20Cdad.%20de%20Guatemala!5e0!3m2!1ses-419!2sgt!4v1700172953006!5m2!1ses-419!2sgt\" width=\"100%\" height=\"450\" allowfullscreen=\"allowfullscreen\"><\/iframe><\/p>\n<\/div><\/section><\/div><\/div><\/div><\/div><!-- close content main div --><\/div><\/div>\n<style type=\"text\/css\" data-created_by=\"avia_inline_auto\" id=\"style-css-av-20rmj-ba40b096b8ec8809202bdeefd70bbd00\">\n.avia-section.av-20rmj-ba40b096b8ec8809202bdeefd70bbd00{\nbackground-repeat:no-repeat;\nbackground-image:url(https:\/\/www.topbikes.ca\/el-salvador\/wp-content\/uploads\/sites\/2\/footer-cta-bg.jpg);\nbackground-position:50% 50%;\nbackground-attachment:scroll;\n}\n<\/style>\n<div id='bottom'  class='avia-section av-20rmj-ba40b096b8ec8809202bdeefd70bbd00 main_color avia-section-default avia-no-border-styling  avia-builder-el-14  el_after_av_section  avia-builder-el-last  seccion-banner-h avia-full-stretch avia-bg-style-scroll av-minimum-height av-minimum-height-custom av-height-custom  container_wrap fullsize'  data-section-bg-repeat='stretch' data-av_minimum_height_px='500'><div class='container av-section-cont-open' style='height:500px'><div class='template-page content  av-content-full alpha units'><div class='post-entry post-entry-type-page post-entry-35'><div class='entry-content-wrapper clearfix'>\n<div  class='flex_column av-1ancj-cc9534f7c5a5a80e263e3774c4ad1a83 av_one_full  avia-builder-el-15  avia-builder-el-no-sibling  first flex_column_div  '     ><style type=\"text\/css\" data-created_by=\"avia_inline_auto\" id=\"style-css-av-vgz3-3f627cd203a733cc183962978dae284f\">\n#top .av_textblock_section.av-vgz3-3f627cd203a733cc183962978dae284f .avia_textblock{\ncolor:#ffffff;\n}\n<\/style>\n<section  class='av_textblock_section av-vgz3-3f627cd203a733cc183962978dae284f '   itemscope=\"itemscope\" itemtype=\"https:\/\/schema.org\/CreativeWork\" ><div class='avia_textblock text-banner av_inherit_color'  itemprop=\"text\" ><h2 style=\"text-align: center;\">En nuestra empresa, estamos comprometidos a brindar la mejor experiencia posible al cliente. Desde el momento en que nos contacta por primera vez hasta el d\u00eda en que su nueva bicicleta llega a su puerta.<\/h2>\n<\/div><\/section><\/div>\n<\/p>\n","protected":false},"excerpt":{"rendered":"","protected":false},"author":1,"featured_media":0,"parent":0,"menu_order":0,"comment_status":"open","ping_status":"open","template":"","meta":{"footnotes":""},"_links":{"self":[{"href":"https:\/\/www.topbikes.ca\/el-salvador\/wp-json\/wp\/v2\/pages\/35"}],"collection":[{"href":"https:\/\/www.topbikes.ca\/el-salvador\/wp-json\/wp\/v2\/pages"}],"about":[{"href":"https:\/\/www.topbikes.ca\/el-salvador\/wp-json\/wp\/v2\/types\/page"}],"author":[{"embeddable":true,"href":"https:\/\/www.topbikes.ca\/el-salvador\/wp-json\/wp\/v2\/users\/1"}],"replies":[{"embeddable":true,"href":"https:\/\/www.topbikes.ca\/el-salvador\/wp-json\/wp\/v2\/comments?post=35"}],"version-history":[{"count":37,"href":"https:\/\/www.topbikes.ca\/el-salvador\/wp-json\/wp\/v2\/pages\/35\/revisions"}],"predecessor-version":[{"id":4437,"href":"https:\/\/www.topbikes.ca\/el-salvador\/wp-json\/wp\/v2\/pages\/35\/revisions\/4437"}],"wp:attachment":[{"href":"https:\/\/www.topbikes.ca\/el-salvador\/wp-json\/wp\/v2\/media?parent=35"}],"curies":[{"name":"wp","href":"https:\/\/api.w.org\/{rel}","templated":true}]}}