{"id":598,"date":"2023-04-18T18:56:39","date_gmt":"2023-04-18T18:56:39","guid":{"rendered":"https:\/\/www.topbikes.ca\/el-salvador\/?page_id=598"},"modified":"2023-11-17T09:16:42","modified_gmt":"2023-11-17T15:16:42","slug":"marcas","status":"publish","type":"page","link":"https:\/\/www.topbikes.ca\/el-salvador\/marcas\/","title":{"rendered":"Marcas"},"content":{"rendered":"\n<style type=\"text\/css\" data-created_by=\"avia_inline_auto\" id=\"style-css-av-lkr9e6rn-c2058cb6ccb59a63c3766168976c5e7c\">\n.avia-section.av-lkr9e6rn-c2058cb6ccb59a63c3766168976c5e7c .av-parallax .av-parallax-inner{\nbackground-repeat:no-repeat;\nbackground-image:url(https:\/\/www.topbikes.ca\/el-salvador\/wp-content\/uploads\/sites\/2\/marcas.jpg);\nbackground-position:50% 50%;\nbackground-attachment:scroll;\n}\n<\/style>\n<div id='av_section_1'  class='avia-section av-lkr9e6rn-c2058cb6ccb59a63c3766168976c5e7c main_color avia-section-default avia-no-border-styling  avia-builder-el-0  el_before_av_section  avia-builder-el-first  seccion-banner avia-full-stretch av-parallax-section avia-bg-style-parallax av-minimum-height av-minimum-height-custom av-height-custom  container_wrap fullsize'  data-section-bg-repeat='stretch' data-av_minimum_height_px='370'><div class='av-parallax' data-avia-parallax-ratio='0.3' ><div class='av-parallax-inner main_color avia-full-stretch'><\/div><\/div><div class='container av-section-cont-open' style='height:370px'><main  role=\"main\" itemprop=\"mainContentOfPage\"  class='template-page content  av-content-full alpha units'><div class='post-entry post-entry-type-page post-entry-598'><div class='entry-content-wrapper clearfix'>\n\n<style type=\"text\/css\" data-created_by=\"avia_inline_auto\" id=\"style-css-av-lkr9kugk-56e35c0a193b6aeef5044bf06e568a69\">\n#top .av_textblock_section.av-lkr9kugk-56e35c0a193b6aeef5044bf06e568a69 .avia_textblock{\ncolor:#ffffff;\n}\n<\/style>\n<section  class='av_textblock_section av-lkr9kugk-56e35c0a193b6aeef5044bf06e568a69 '   itemscope=\"itemscope\" itemtype=\"https:\/\/schema.org\/CreativeWork\" ><div class='avia_textblock av_inherit_color'  itemprop=\"text\" ><h1 style=\"text-align: center;\">Marcas<\/h1>\n<\/div><\/section>\n\n<\/div><\/div><\/main><!-- close content main element --><\/div><\/div><div id='pagebrands'  class='avia-section av-lgmo3y5j-4b2aae1199abfccb6f7d6f26396d2a4e main_color avia-section-default avia-no-border-styling  avia-builder-el-2  el_after_av_section  avia-builder-el-last  avia-bg-style-scroll container_wrap fullsize'  ><div class='container av-section-cont-open' ><div class='template-page content  av-content-full alpha units'><div class='post-entry post-entry-type-page post-entry-598'><div class='entry-content-wrapper clearfix'>\n<section  class='av_textblock_section av-lgmmoac1-5dd2a48f6537be0bb39aa267b4842718 '   itemscope=\"itemscope\" itemtype=\"https:\/\/schema.org\/CreativeWork\" ><div class='avia_textblock'  itemprop=\"text\" >\t<div class=\"pwb-all-brands\">\n\t\tNo se han encontrado resultados\t<\/div>\n\t\t\n<\/div><\/section>\n\n<style type=\"text\/css\" data-created_by=\"avia_inline_auto\" id=\"style-css-av-lnnjywff-71f74a35b10dba1b450c9e26f05021c5\">\n#top .flex_column.av-lnnjywff-71f74a35b10dba1b450c9e26f05021c5{\nmargin-top:0px;\nmargin-bottom:0px;\n}\n.responsive #top #wrap_all .flex_column.av-lnnjywff-71f74a35b10dba1b450c9e26f05021c5{\nmargin-top:0px;\nmargin-bottom:0px;\n}\n<\/style>\n<div  class='flex_column av-lnnjywff-71f74a35b10dba1b450c9e26f05021c5 av_one_fifth  avia-builder-el-4  el_after_av_textblock  el_before_av_three_fifth  first no_margin flex_column_div  column-top-margin'     ><\/div>\n<style type=\"text\/css\" data-created_by=\"avia_inline_auto\" id=\"style-css-av-fw2li-402f78907370a038eb7e1c03ca292e29\">\n#top .flex_column.av-fw2li-402f78907370a038eb7e1c03ca292e29{\nmargin-top:0px;\nmargin-bottom:0px;\n}\n.responsive #top #wrap_all .flex_column.av-fw2li-402f78907370a038eb7e1c03ca292e29{\nmargin-top:0px;\nmargin-bottom:0px;\n}\n<\/style>\n<div  class='flex_column av-fw2li-402f78907370a038eb7e1c03ca292e29 av_three_fifth  avia-builder-el-5  el_after_av_one_fifth  el_before_av_one_fifth  no_margin flex_column_div  column-top-margin'     ><section  class='av_textblock_section av-lnnjx2lk-afe334b2e22578413d84dad47584497f '   itemscope=\"itemscope\" itemtype=\"https:\/\/schema.org\/CreativeWork\" ><div class='avia_textblock'  itemprop=\"text\" ><h3>\u00a1Descubre la magia detr\u00e1s de las bicicletas D&#8217;Route!<\/h3>\n<p>\u00bfSab\u00edas que D&#8217;Route no es solo una bicicleta, es una experiencia que te llevar\u00e1 a nuevos horizontes?<\/p>\n<p>En 2013, naci\u00f3 la visi\u00f3n de crear algo extraordinario: ofrecer a los ciclistas una experiencia de alto nivel al mejor precio. Pero lo que quiz\u00e1s no sepas es que detr\u00e1s de cada bicicleta D&#8217;Route hay m\u00e1s de 66 a\u00f1os de pasi\u00f3n, conocimiento y un legado que ha tocado millones de vidas.<\/p>\n<p>Imagina explorar el mundo sobre dos ruedas, sintiendo la brisa en tu rostro, descubriendo lugares que ni siquiera sab\u00edas que exist\u00edan. Esa es la promesa de D&#8217;Route. No solo te llevamos a destinos f\u00edsicos, sino tambi\u00e9n a un viaje emocional inigualable.<\/p>\n<p>Cuando eliges una bicicleta D&#8217;Route, no solo est\u00e1s comprando un medio de transporte, est\u00e1s invirtiendo en aventuras, en momentos de diversi\u00f3n y en un estilo de vida lleno de salud y alegr\u00eda.<\/p>\n<p>As\u00ed que \u00fanete a la comunidad de D&#8217;Route y d\u00e9jate llevar por la emoci\u00f3n de pedalear hacia un mundo lleno de posibilidades. Tu pr\u00f3xima gran aventura comienza aqu\u00ed, con D&#8217;Route. \u00bfEst\u00e1s listo para vivir la experiencia?<\/p>\n<\/div><\/section><\/div>\n<style type=\"text\/css\" data-created_by=\"avia_inline_auto\" id=\"style-css-av-73gg6-d36dc1719cc5ff6598faefb49550a031\">\n#top .flex_column.av-73gg6-d36dc1719cc5ff6598faefb49550a031{\nmargin-top:0px;\nmargin-bottom:0px;\n}\n.responsive #top #wrap_all .flex_column.av-73gg6-d36dc1719cc5ff6598faefb49550a031{\nmargin-top:0px;\nmargin-bottom:0px;\n}\n<\/style>\n<div  class='flex_column av-73gg6-d36dc1719cc5ff6598faefb49550a031 av_one_fifth  avia-builder-el-7  el_after_av_three_fifth  avia-builder-el-last  no_margin flex_column_div  column-top-margin'     ><\/div>\n","protected":false},"excerpt":{"rendered":"","protected":false},"author":1,"featured_media":0,"parent":0,"menu_order":0,"comment_status":"closed","ping_status":"closed","template":"","meta":{"footnotes":""},"_links":{"self":[{"href":"https:\/\/www.topbikes.ca\/el-salvador\/wp-json\/wp\/v2\/pages\/598"}],"collection":[{"href":"https:\/\/www.topbikes.ca\/el-salvador\/wp-json\/wp\/v2\/pages"}],"about":[{"href":"https:\/\/www.topbikes.ca\/el-salvador\/wp-json\/wp\/v2\/types\/page"}],"author":[{"embeddable":true,"href":"https:\/\/www.topbikes.ca\/el-salvador\/wp-json\/wp\/v2\/users\/1"}],"replies":[{"embeddable":true,"href":"https:\/\/www.topbikes.ca\/el-salvador\/wp-json\/wp\/v2\/comments?post=598"}],"version-history":[{"count":20,"href":"https:\/\/www.topbikes.ca\/el-salvador\/wp-json\/wp\/v2\/pages\/598\/revisions"}],"predecessor-version":[{"id":4407,"href":"https:\/\/www.topbikes.ca\/el-salvador\/wp-json\/wp\/v2\/pages\/598\/revisions\/4407"}],"wp:attachment":[{"href":"https:\/\/www.topbikes.ca\/el-salvador\/wp-json\/wp\/v2\/media?parent=598"}],"curies":[{"name":"wp","href":"https:\/\/api.w.org\/{rel}","templated":true}]}}