{"id":3364,"date":"2023-11-16T14:24:12","date_gmt":"2023-11-16T20:24:12","guid":{"rendered":"https:\/\/www.topbikes.ca\/nicaragua\/?post_type=product&#038;p=3364"},"modified":"2023-11-16T14:25:29","modified_gmt":"2023-11-16T20:25:29","slug":"ciclo-computadora-inalambrica-sigma-pure-gps-ng-8227260","status":"publish","type":"product","link":"https:\/\/www.topbikes.ca\/nicaragua\/producto\/ciclo-computadora-inalambrica-sigma-pure-gps-ng-8227260\/","title":{"rendered":"CICLO COMPUTADORA INALAMBRICA SIGMA PURE GPS NG 8227260"},"content":{"rendered":"<p>SIGMA PURE GPS es un ciclocomputador sin complicaciones. Gracias a su montaje r\u00e1pido y sencillo puedes usarlo inmediatamente. Fija el soporte en tu manillar, ancla tu PURE GPS, enci\u00e9ndelo y \u00a1el entrenamiento puede comenzar! Las teclas de acceso r\u00e1pido a funciones de bicicleta y altitud permiten el acceso r\u00e1pido a todas las funciones. Los dem\u00e1s datos, como las estad\u00edsticas de 12 meses o los valores totales se encuentran en un men\u00fa separado.<\/p>\n","protected":false},"excerpt":{"rendered":"<p>SIGMA PURE GPS es un ciclocomputador sin complicaciones. Gracias a su montaje r\u00e1pido y sencillo puedes usarlo inmediatamente. Fija el soporte en tu manillar, ancla tu PURE GPS, enci\u00e9ndelo y \u00a1el entrenamiento puede comenzar! Las teclas de acceso r\u00e1pido a funciones de bicicleta y altitud permiten el acceso r\u00e1pido a todas las funciones. Los dem\u00e1s [&hellip;]<\/p>\n","protected":false},"featured_media":3408,"template":"","meta":[],"pwb-brand":[83,63],"product_cat":[35,205],"product_tag":[],"brands":[{"id":83,"name":"Accesorios","slug":"accesorios"},{"id":63,"name":"Sigma","slug":"sigma"}],"_links":{"self":[{"href":"https:\/\/www.topbikes.ca\/nicaragua\/wp-json\/wp\/v2\/product\/3364"}],"collection":[{"href":"https:\/\/www.topbikes.ca\/nicaragua\/wp-json\/wp\/v2\/product"}],"about":[{"href":"https:\/\/www.topbikes.ca\/nicaragua\/wp-json\/wp\/v2\/types\/product"}],"wp:featuredmedia":[{"embeddable":true,"href":"https:\/\/www.topbikes.ca\/nicaragua\/wp-json\/wp\/v2\/media\/3408"}],"wp:attachment":[{"href":"https:\/\/www.topbikes.ca\/nicaragua\/wp-json\/wp\/v2\/media?parent=3364"}],"wp:term":[{"taxonomy":"pwb-brand","embeddable":true,"href":"https:\/\/www.topbikes.ca\/nicaragua\/wp-json\/wp\/v2\/pwb-brand?post=3364"},{"taxonomy":"product_cat","embeddable":true,"href":"https:\/\/www.topbikes.ca\/nicaragua\/wp-json\/wp\/v2\/product_cat?post=3364"},{"taxonomy":"product_tag","embeddable":true,"href":"https:\/\/www.topbikes.ca\/nicaragua\/wp-json\/wp\/v2\/product_tag?post=3364"}],"curies":[{"name":"wp","href":"https:\/\/api.w.org\/{rel}","templated":true}]}}