{"id":3367,"date":"2023-11-16T14:24:12","date_gmt":"2023-11-16T20:24:12","guid":{"rendered":"https:\/\/www.topbikes.ca\/nicaragua\/?post_type=product&#038;p=3367"},"modified":"2023-11-16T14:25:33","modified_gmt":"2023-11-16T20:25:33","slug":"bolsa-para-asiento-sks-explorer-straps-1800","status":"publish","type":"product","link":"https:\/\/www.topbikes.ca\/nicaragua\/producto\/bolsa-para-asiento-sks-explorer-straps-1800\/","title":{"rendered":"BOLSA PARA ASIENTO SKS EXPLORER STRAPS 1800"},"content":{"rendered":"<p>Robusto y duradero. El material duradero fabricado con tejido de goma repelente al agua hace que la bolsa de bicicleta EXPLORER sea imprescindible para todos los ciclistas de monta\u00f1a. Los elementos reflectantes como el logotipo de SKS a\u00f1aden seguridad. Adem\u00e1s de proporcionar suficiente espacio para herramientas, tubos de repuesto y art\u00edculos personales, esta bolsa cuenta con una cremallera laminada con cierre ergon\u00f3mico f\u00e1cil, bolsillo interior seguro y forro de color naranja para facilitar la b\u00fasqueda de art\u00edculos.<\/p>\n","protected":false},"excerpt":{"rendered":"<p>Robusto y duradero. El material duradero fabricado con tejido de goma repelente al agua hace que la bolsa de bicicleta EXPLORER sea imprescindible para todos los ciclistas de monta\u00f1a. Los elementos reflectantes como el logotipo de SKS a\u00f1aden seguridad. Adem\u00e1s de proporcionar suficiente espacio para herramientas, tubos de repuesto y art\u00edculos personales, esta bolsa cuenta [&hellip;]<\/p>\n","protected":false},"featured_media":3411,"template":"","meta":[],"pwb-brand":[83,64],"product_cat":[35,206],"product_tag":[],"brands":[{"id":83,"name":"Accesorios","slug":"accesorios"},{"id":64,"name":"SKS","slug":"sks"}],"_links":{"self":[{"href":"https:\/\/www.topbikes.ca\/nicaragua\/wp-json\/wp\/v2\/product\/3367"}],"collection":[{"href":"https:\/\/www.topbikes.ca\/nicaragua\/wp-json\/wp\/v2\/product"}],"about":[{"href":"https:\/\/www.topbikes.ca\/nicaragua\/wp-json\/wp\/v2\/types\/product"}],"wp:featuredmedia":[{"embeddable":true,"href":"https:\/\/www.topbikes.ca\/nicaragua\/wp-json\/wp\/v2\/media\/3411"}],"wp:attachment":[{"href":"https:\/\/www.topbikes.ca\/nicaragua\/wp-json\/wp\/v2\/media?parent=3367"}],"wp:term":[{"taxonomy":"pwb-brand","embeddable":true,"href":"https:\/\/www.topbikes.ca\/nicaragua\/wp-json\/wp\/v2\/pwb-brand?post=3367"},{"taxonomy":"product_cat","embeddable":true,"href":"https:\/\/www.topbikes.ca\/nicaragua\/wp-json\/wp\/v2\/product_cat?post=3367"},{"taxonomy":"product_tag","embeddable":true,"href":"https:\/\/www.topbikes.ca\/nicaragua\/wp-json\/wp\/v2\/product_tag?post=3367"}],"curies":[{"name":"wp","href":"https:\/\/api.w.org\/{rel}","templated":true}]}}