{"id":3379,"date":"2023-11-16T14:24:45","date_gmt":"2023-11-16T20:24:45","guid":{"rendered":"https:\/\/www.topbikes.ca\/nicaragua\/?post_type=product&#038;p=3379"},"modified":"2023-11-16T14:25:43","modified_gmt":"2023-11-16T20:25:43","slug":"herramienta-tom-14-tool-10015","status":"publish","type":"product","link":"https:\/\/www.topbikes.ca\/nicaragua\/producto\/herramienta-tom-14-tool-10015\/","title":{"rendered":"HERRAMIENTA TOM 14 TOOL  10015"},"content":{"rendered":"<p>Con sus 14 funciones, esta mini herramienta es la soluci\u00f3n b\u00e1sica de reparaci\u00f3n para todos los ciclistas. Entre otros, cuenta con una palanca de neum\u00e1ticos, dos llaves de radios y una pastilla de freno y abrebotellas.<\/p>\n","protected":false},"excerpt":{"rendered":"<p>Con sus 14 funciones, esta mini herramienta es la soluci\u00f3n b\u00e1sica de reparaci\u00f3n para todos los ciclistas. Entre otros, cuenta con una palanca de neum\u00e1ticos, dos llaves de radios y una pastilla de freno y abrebotellas.<\/p>\n","protected":false},"featured_media":3424,"template":"","meta":[],"pwb-brand":[83,64],"product_cat":[35,207],"product_tag":[],"brands":[{"id":83,"name":"Accesorios","slug":"accesorios"},{"id":64,"name":"SKS","slug":"sks"}],"_links":{"self":[{"href":"https:\/\/www.topbikes.ca\/nicaragua\/wp-json\/wp\/v2\/product\/3379"}],"collection":[{"href":"https:\/\/www.topbikes.ca\/nicaragua\/wp-json\/wp\/v2\/product"}],"about":[{"href":"https:\/\/www.topbikes.ca\/nicaragua\/wp-json\/wp\/v2\/types\/product"}],"wp:featuredmedia":[{"embeddable":true,"href":"https:\/\/www.topbikes.ca\/nicaragua\/wp-json\/wp\/v2\/media\/3424"}],"wp:attachment":[{"href":"https:\/\/www.topbikes.ca\/nicaragua\/wp-json\/wp\/v2\/media?parent=3379"}],"wp:term":[{"taxonomy":"pwb-brand","embeddable":true,"href":"https:\/\/www.topbikes.ca\/nicaragua\/wp-json\/wp\/v2\/pwb-brand?post=3379"},{"taxonomy":"product_cat","embeddable":true,"href":"https:\/\/www.topbikes.ca\/nicaragua\/wp-json\/wp\/v2\/product_cat?post=3379"},{"taxonomy":"product_tag","embeddable":true,"href":"https:\/\/www.topbikes.ca\/nicaragua\/wp-json\/wp\/v2\/product_tag?post=3379"}],"curies":[{"name":"wp","href":"https:\/\/api.w.org\/{rel}","templated":true}]}}