{"id":3380,"date":"2023-11-16T14:24:45","date_gmt":"2023-11-16T20:24:45","guid":{"rendered":"https:\/\/www.topbikes.ca\/nicaragua\/?post_type=product&#038;p=3380"},"modified":"2023-11-16T14:25:46","modified_gmt":"2023-11-16T20:25:46","slug":"herramienta-tom-7-11235","status":"publish","type":"product","link":"https:\/\/www.topbikes.ca\/nicaragua\/producto\/herramienta-tom-7-11235\/","title":{"rendered":"HERRAMIENTA TOM 7 \u2013 11235"},"content":{"rendered":"<p>Esta delgada mini herramienta hecha de metal combina las herramientas m\u00e1s importantes en un paquete extremadamente compacto. Con sus 7 funciones integradas, podr\u00e1 solucionar muchas aver\u00edas en su viaje r\u00e1pidamente. Tambi\u00e9n incluye una \u00fatil bolsa de neopreno.<\/p>\n","protected":false},"excerpt":{"rendered":"<p>Esta delgada mini herramienta hecha de metal combina las herramientas m\u00e1s importantes en un paquete extremadamente compacto. Con sus 7 funciones integradas, podr\u00e1 solucionar muchas aver\u00edas en su viaje r\u00e1pidamente. Tambi\u00e9n incluye una \u00fatil bolsa de neopreno.<\/p>\n","protected":false},"featured_media":3425,"template":"","meta":[],"pwb-brand":[83,64],"product_cat":[35,207],"product_tag":[],"brands":[{"id":83,"name":"Accesorios","slug":"accesorios"},{"id":64,"name":"SKS","slug":"sks"}],"_links":{"self":[{"href":"https:\/\/www.topbikes.ca\/nicaragua\/wp-json\/wp\/v2\/product\/3380"}],"collection":[{"href":"https:\/\/www.topbikes.ca\/nicaragua\/wp-json\/wp\/v2\/product"}],"about":[{"href":"https:\/\/www.topbikes.ca\/nicaragua\/wp-json\/wp\/v2\/types\/product"}],"wp:featuredmedia":[{"embeddable":true,"href":"https:\/\/www.topbikes.ca\/nicaragua\/wp-json\/wp\/v2\/media\/3425"}],"wp:attachment":[{"href":"https:\/\/www.topbikes.ca\/nicaragua\/wp-json\/wp\/v2\/media?parent=3380"}],"wp:term":[{"taxonomy":"pwb-brand","embeddable":true,"href":"https:\/\/www.topbikes.ca\/nicaragua\/wp-json\/wp\/v2\/pwb-brand?post=3380"},{"taxonomy":"product_cat","embeddable":true,"href":"https:\/\/www.topbikes.ca\/nicaragua\/wp-json\/wp\/v2\/product_cat?post=3380"},{"taxonomy":"product_tag","embeddable":true,"href":"https:\/\/www.topbikes.ca\/nicaragua\/wp-json\/wp\/v2\/product_tag?post=3380"}],"curies":[{"name":"wp","href":"https:\/\/api.w.org\/{rel}","templated":true}]}}