{"id":3381,"date":"2023-11-16T14:24:45","date_gmt":"2023-11-16T20:24:45","guid":{"rendered":"https:\/\/www.topbikes.ca\/nicaragua\/?post_type=product&#038;p=3381"},"modified":"2023-11-16T14:25:49","modified_gmt":"2023-11-16T20:25:49","slug":"lodera-flap-guard-11300","status":"publish","type":"product","link":"https:\/\/www.topbikes.ca\/nicaragua\/producto\/lodera-flap-guard-11300\/","title":{"rendered":"LODERA FLAP GUARD \u2013 11300"},"content":{"rendered":"<p>Este guardabarros superligero (45 g) y discreto protege su rostro del barro y el agua. Hecho de material s\u00faper suave, se adapta a bicicletas de 26 ?, 27,5 ? y 29 ? y es compatible con la mayor\u00eda de las horquillas. FLAP GUARD se adhiere a su bicicleta incluso en una conducci\u00f3n extremadamente agresiva debido a las bridas suministradas, que envuelven el puente de la horquilla y las patas de la horquilla. El barro se mantiene fuera de los sellos de la horquilla. Tambi\u00e9n compatible en la parte trasera del cuadro.<\/p>\n","protected":false},"excerpt":{"rendered":"<p>Este guardabarros superligero (45 g) y discreto protege su rostro del barro y el agua. Hecho de material s\u00faper suave, se adapta a bicicletas de 26 ?, 27,5 ? y 29 ? y es compatible con la mayor\u00eda de las horquillas. FLAP GUARD se adhiere a su bicicleta incluso en una conducci\u00f3n extremadamente agresiva debido [&hellip;]<\/p>\n","protected":false},"featured_media":3426,"template":"","meta":[],"pwb-brand":[83,64],"product_cat":[35,208],"product_tag":[],"brands":[{"id":83,"name":"Accesorios","slug":"accesorios"},{"id":64,"name":"SKS","slug":"sks"}],"_links":{"self":[{"href":"https:\/\/www.topbikes.ca\/nicaragua\/wp-json\/wp\/v2\/product\/3381"}],"collection":[{"href":"https:\/\/www.topbikes.ca\/nicaragua\/wp-json\/wp\/v2\/product"}],"about":[{"href":"https:\/\/www.topbikes.ca\/nicaragua\/wp-json\/wp\/v2\/types\/product"}],"wp:featuredmedia":[{"embeddable":true,"href":"https:\/\/www.topbikes.ca\/nicaragua\/wp-json\/wp\/v2\/media\/3426"}],"wp:attachment":[{"href":"https:\/\/www.topbikes.ca\/nicaragua\/wp-json\/wp\/v2\/media?parent=3381"}],"wp:term":[{"taxonomy":"pwb-brand","embeddable":true,"href":"https:\/\/www.topbikes.ca\/nicaragua\/wp-json\/wp\/v2\/pwb-brand?post=3381"},{"taxonomy":"product_cat","embeddable":true,"href":"https:\/\/www.topbikes.ca\/nicaragua\/wp-json\/wp\/v2\/product_cat?post=3381"},{"taxonomy":"product_tag","embeddable":true,"href":"https:\/\/www.topbikes.ca\/nicaragua\/wp-json\/wp\/v2\/product_tag?post=3381"}],"curies":[{"name":"wp","href":"https:\/\/api.w.org\/{rel}","templated":true}]}}