{"id":3382,"date":"2023-11-16T14:24:45","date_gmt":"2023-11-16T20:24:45","guid":{"rendered":"https:\/\/www.topbikes.ca\/nicaragua\/?post_type=product&#038;p=3382"},"modified":"2023-11-16T14:25:52","modified_gmt":"2023-11-16T20:25:52","slug":"lodera-s-guard-11414","status":"publish","type":"product","link":"https:\/\/www.topbikes.ca\/nicaragua\/producto\/lodera-s-guard-11414\/","title":{"rendered":"LODERA S-GUARD 11414"},"content":{"rendered":"<p>No solo para ciclistas de carretera: este peque\u00f1o guardabarros superligero (24 g) protege la parte inferior del barro y el agua. Hecho de material s\u00faper suave, se adapta a casi todos los sillines. Adem\u00e1s, fija el S-GUARD con una brida para cables.<\/p>\n","protected":false},"excerpt":{"rendered":"<p>No solo para ciclistas de carretera: este peque\u00f1o guardabarros superligero (24 g) protege la parte inferior del barro y el agua. Hecho de material s\u00faper suave, se adapta a casi todos los sillines. Adem\u00e1s, fija el S-GUARD con una brida para cables.<\/p>\n","protected":false},"featured_media":3427,"template":"","meta":[],"pwb-brand":[83,64],"product_cat":[35,208],"product_tag":[],"brands":[{"id":83,"name":"Accesorios","slug":"accesorios"},{"id":64,"name":"SKS","slug":"sks"}],"_links":{"self":[{"href":"https:\/\/www.topbikes.ca\/nicaragua\/wp-json\/wp\/v2\/product\/3382"}],"collection":[{"href":"https:\/\/www.topbikes.ca\/nicaragua\/wp-json\/wp\/v2\/product"}],"about":[{"href":"https:\/\/www.topbikes.ca\/nicaragua\/wp-json\/wp\/v2\/types\/product"}],"wp:featuredmedia":[{"embeddable":true,"href":"https:\/\/www.topbikes.ca\/nicaragua\/wp-json\/wp\/v2\/media\/3427"}],"wp:attachment":[{"href":"https:\/\/www.topbikes.ca\/nicaragua\/wp-json\/wp\/v2\/media?parent=3382"}],"wp:term":[{"taxonomy":"pwb-brand","embeddable":true,"href":"https:\/\/www.topbikes.ca\/nicaragua\/wp-json\/wp\/v2\/pwb-brand?post=3382"},{"taxonomy":"product_cat","embeddable":true,"href":"https:\/\/www.topbikes.ca\/nicaragua\/wp-json\/wp\/v2\/product_cat?post=3382"},{"taxonomy":"product_tag","embeddable":true,"href":"https:\/\/www.topbikes.ca\/nicaragua\/wp-json\/wp\/v2\/product_tag?post=3382"}],"curies":[{"name":"wp","href":"https:\/\/api.w.org\/{rel}","templated":true}]}}