{"id":3401,"date":"2023-11-16T14:25:13","date_gmt":"2023-11-16T20:25:13","guid":{"rendered":"https:\/\/www.topbikes.ca\/nicaragua\/?post_type=product&#038;p=3401"},"modified":"2023-11-16T14:26:26","modified_gmt":"2023-11-16T20:26:26","slug":"cassette-cs-m8000","status":"publish","type":"product","link":"https:\/\/www.topbikes.ca\/nicaragua\/producto\/cassette-cs-m8000\/","title":{"rendered":"Cassette CS-M8000"},"content":{"rendered":"<p>SHIMANO DEORE XT &#8211; 11 velocidades &#8211; HYPERGLIDE &#8211; Cassette de pi\u00f1ones de MTB<\/p>\n<p>El cassette SHIMANO DEORE XT ahorra peso sin renunciar a la durabilidad gracias a un soporte de pi\u00f1ones de aleaci\u00f3n. El cassette DYNA-SYS11 proporciona un cambio preciso incluso en las situaciones de bicicleta de monta\u00f1a m\u00e1s exigentes.<\/p>\n","protected":false},"excerpt":{"rendered":"<p>SHIMANO DEORE XT &#8211; 11 velocidades &#8211; HYPERGLIDE &#8211; Cassette de pi\u00f1ones de MTB El cassette SHIMANO DEORE XT ahorra peso sin renunciar a la durabilidad gracias a un soporte de pi\u00f1ones de aleaci\u00f3n. El cassette DYNA-SYS11 proporciona un cambio preciso incluso en las situaciones de bicicleta de monta\u00f1a m\u00e1s exigentes.<\/p>\n","protected":false},"featured_media":3444,"template":"","meta":[],"pwb-brand":[98,62],"product_cat":[97,210],"product_tag":[],"brands":[{"id":98,"name":"Componentes","slug":"componentes"},{"id":62,"name":"Shimano","slug":"shimano"}],"_links":{"self":[{"href":"https:\/\/www.topbikes.ca\/nicaragua\/wp-json\/wp\/v2\/product\/3401"}],"collection":[{"href":"https:\/\/www.topbikes.ca\/nicaragua\/wp-json\/wp\/v2\/product"}],"about":[{"href":"https:\/\/www.topbikes.ca\/nicaragua\/wp-json\/wp\/v2\/types\/product"}],"wp:featuredmedia":[{"embeddable":true,"href":"https:\/\/www.topbikes.ca\/nicaragua\/wp-json\/wp\/v2\/media\/3444"}],"wp:attachment":[{"href":"https:\/\/www.topbikes.ca\/nicaragua\/wp-json\/wp\/v2\/media?parent=3401"}],"wp:term":[{"taxonomy":"pwb-brand","embeddable":true,"href":"https:\/\/www.topbikes.ca\/nicaragua\/wp-json\/wp\/v2\/pwb-brand?post=3401"},{"taxonomy":"product_cat","embeddable":true,"href":"https:\/\/www.topbikes.ca\/nicaragua\/wp-json\/wp\/v2\/product_cat?post=3401"},{"taxonomy":"product_tag","embeddable":true,"href":"https:\/\/www.topbikes.ca\/nicaragua\/wp-json\/wp\/v2\/product_tag?post=3401"}],"curies":[{"name":"wp","href":"https:\/\/api.w.org\/{rel}","templated":true}]}}