{"id":3417,"date":"2023-11-16T14:25:36","date_gmt":"2023-11-16T20:25:36","guid":{"rendered":"https:\/\/www.topbikes.ca\/nicaragua\/?post_type=product&#038;p=3417"},"modified":"2023-11-16T14:26:36","modified_gmt":"2023-11-16T20:26:36","slug":"llantas-stayer-c1902","status":"publish","type":"product","link":"https:\/\/www.topbikes.ca\/nicaragua\/producto\/llantas-stayer-c1902\/","title":{"rendered":"Llantas STAYER C1902"},"content":{"rendered":"<p>CST Stayer es un neum\u00e1tico liviano que presenta un dise\u00f1o de banda de rodadura abierta con perillas centrales afiladas para eliminar el barro y la suciedad. Las perillas de los hombros en \u00e1ngulo ayudan a mantener esta llanta enganchada en las esquinas y le brindan la capacidad de conducir en los     entornos m\u00e1s duros. El CST Stayer est\u00e1 disponible con un cord\u00f3n de alambre o un cord\u00f3n plegable con protecci\u00f3n contra pinchazos de EPS.<\/p>\n","protected":false},"excerpt":{"rendered":"<p>CST Stayer es un neum\u00e1tico liviano que presenta un dise\u00f1o de banda de rodadura abierta con perillas centrales afiladas para eliminar el barro y la suciedad. Las perillas de los hombros en \u00e1ngulo ayudan a mantener esta llanta enganchada en las esquinas y le brindan la capacidad de conducir en los entornos m\u00e1s duros. El [&hellip;]<\/p>\n","protected":false},"featured_media":3463,"template":"","meta":[],"pwb-brand":[98,54],"product_cat":[97,211],"product_tag":[],"brands":[{"id":98,"name":"Componentes","slug":"componentes"},{"id":54,"name":"CST","slug":"cst"}],"_links":{"self":[{"href":"https:\/\/www.topbikes.ca\/nicaragua\/wp-json\/wp\/v2\/product\/3417"}],"collection":[{"href":"https:\/\/www.topbikes.ca\/nicaragua\/wp-json\/wp\/v2\/product"}],"about":[{"href":"https:\/\/www.topbikes.ca\/nicaragua\/wp-json\/wp\/v2\/types\/product"}],"wp:featuredmedia":[{"embeddable":true,"href":"https:\/\/www.topbikes.ca\/nicaragua\/wp-json\/wp\/v2\/media\/3463"}],"wp:attachment":[{"href":"https:\/\/www.topbikes.ca\/nicaragua\/wp-json\/wp\/v2\/media?parent=3417"}],"wp:term":[{"taxonomy":"pwb-brand","embeddable":true,"href":"https:\/\/www.topbikes.ca\/nicaragua\/wp-json\/wp\/v2\/pwb-brand?post=3417"},{"taxonomy":"product_cat","embeddable":true,"href":"https:\/\/www.topbikes.ca\/nicaragua\/wp-json\/wp\/v2\/product_cat?post=3417"},{"taxonomy":"product_tag","embeddable":true,"href":"https:\/\/www.topbikes.ca\/nicaragua\/wp-json\/wp\/v2\/product_tag?post=3417"}],"curies":[{"name":"wp","href":"https:\/\/api.w.org\/{rel}","templated":true}]}}