{"id":3418,"date":"2023-11-16T14:25:37","date_gmt":"2023-11-16T20:25:37","guid":{"rendered":"https:\/\/www.topbikes.ca\/nicaragua\/?post_type=product&#038;p=3418"},"modified":"2023-11-16T14:26:37","modified_gmt":"2023-11-16T20:26:37","slug":"llantas-recourse-c1808","status":"publish","type":"product","link":"https:\/\/www.topbikes.ca\/nicaragua\/producto\/llantas-recourse-c1808\/","title":{"rendered":"Llantas RECOURSE C1808"},"content":{"rendered":"<p>CST Recourse, esta es la mejor opci\u00f3n para los ciclistas de ruta que desean m\u00e1s volumen para entrenar o competir. La versi\u00f3n de cuentas plegables del Recourse utiliza una carcasa de 120 TPI para afeitar las onzas cr\u00edticas y suavizar la conducci\u00f3n. Una capa de nuestra protecci\u00f3n contra pinchazos EPS est\u00e1 integrada en la carcasa para evitar los pinchazos.<\/p>\n","protected":false},"excerpt":{"rendered":"<p>CST Recourse, esta es la mejor opci\u00f3n para los ciclistas de ruta que desean m\u00e1s volumen para entrenar o competir. La versi\u00f3n de cuentas plegables del Recourse utiliza una carcasa de 120 TPI para afeitar las onzas cr\u00edticas y suavizar la conducci\u00f3n. Una capa de nuestra protecci\u00f3n contra pinchazos EPS est\u00e1 integrada en la carcasa [&hellip;]<\/p>\n","protected":false},"featured_media":3464,"template":"","meta":[],"pwb-brand":[98,54],"product_cat":[97,211],"product_tag":[],"brands":[{"id":98,"name":"Componentes","slug":"componentes"},{"id":54,"name":"CST","slug":"cst"}],"_links":{"self":[{"href":"https:\/\/www.topbikes.ca\/nicaragua\/wp-json\/wp\/v2\/product\/3418"}],"collection":[{"href":"https:\/\/www.topbikes.ca\/nicaragua\/wp-json\/wp\/v2\/product"}],"about":[{"href":"https:\/\/www.topbikes.ca\/nicaragua\/wp-json\/wp\/v2\/types\/product"}],"wp:featuredmedia":[{"embeddable":true,"href":"https:\/\/www.topbikes.ca\/nicaragua\/wp-json\/wp\/v2\/media\/3464"}],"wp:attachment":[{"href":"https:\/\/www.topbikes.ca\/nicaragua\/wp-json\/wp\/v2\/media?parent=3418"}],"wp:term":[{"taxonomy":"pwb-brand","embeddable":true,"href":"https:\/\/www.topbikes.ca\/nicaragua\/wp-json\/wp\/v2\/pwb-brand?post=3418"},{"taxonomy":"product_cat","embeddable":true,"href":"https:\/\/www.topbikes.ca\/nicaragua\/wp-json\/wp\/v2\/product_cat?post=3418"},{"taxonomy":"product_tag","embeddable":true,"href":"https:\/\/www.topbikes.ca\/nicaragua\/wp-json\/wp\/v2\/product_tag?post=3418"}],"curies":[{"name":"wp","href":"https:\/\/api.w.org\/{rel}","templated":true}]}}