{"id":3419,"date":"2023-11-16T14:25:37","date_gmt":"2023-11-16T20:25:37","guid":{"rendered":"https:\/\/www.topbikes.ca\/nicaragua\/?post_type=product&#038;p=3419"},"modified":"2023-11-16T14:26:41","modified_gmt":"2023-11-16T20:26:41","slug":"llantas-gripper-c1879","status":"publish","type":"product","link":"https:\/\/www.topbikes.ca\/nicaragua\/producto\/llantas-gripper-c1879\/","title":{"rendered":"Llantas GRIPPER C1879"},"content":{"rendered":"<p>CST Gripper, un verdadero neum\u00e1tico de monta\u00f1a vers\u00e1til deber\u00eda ser capaz de afrontar subidas dif\u00edciles, descensos bruscos y pistas t\u00e9cnicas sencillas. La pinza de CST no es una excepci\u00f3n. Las perillas en rampa en la banda de rodadura central arrojan barro y escombros, mientras que las perillas de los hombros escalonadas agresivamente est\u00e1n listas para los senderos m\u00e1s t\u00e9cnicos. Disponible en 27.5 y 29er<\/p>\n","protected":false},"excerpt":{"rendered":"<p>CST Gripper, un verdadero neum\u00e1tico de monta\u00f1a vers\u00e1til deber\u00eda ser capaz de afrontar subidas dif\u00edciles, descensos bruscos y pistas t\u00e9cnicas sencillas. La pinza de CST no es una excepci\u00f3n. Las perillas en rampa en la banda de rodadura central arrojan barro y escombros, mientras que las perillas de los hombros escalonadas agresivamente est\u00e1n listas para [&hellip;]<\/p>\n","protected":false},"featured_media":3465,"template":"","meta":[],"pwb-brand":[98,54],"product_cat":[97,211],"product_tag":[],"brands":[{"id":98,"name":"Componentes","slug":"componentes"},{"id":54,"name":"CST","slug":"cst"}],"_links":{"self":[{"href":"https:\/\/www.topbikes.ca\/nicaragua\/wp-json\/wp\/v2\/product\/3419"}],"collection":[{"href":"https:\/\/www.topbikes.ca\/nicaragua\/wp-json\/wp\/v2\/product"}],"about":[{"href":"https:\/\/www.topbikes.ca\/nicaragua\/wp-json\/wp\/v2\/types\/product"}],"wp:featuredmedia":[{"embeddable":true,"href":"https:\/\/www.topbikes.ca\/nicaragua\/wp-json\/wp\/v2\/media\/3465"}],"wp:attachment":[{"href":"https:\/\/www.topbikes.ca\/nicaragua\/wp-json\/wp\/v2\/media?parent=3419"}],"wp:term":[{"taxonomy":"pwb-brand","embeddable":true,"href":"https:\/\/www.topbikes.ca\/nicaragua\/wp-json\/wp\/v2\/pwb-brand?post=3419"},{"taxonomy":"product_cat","embeddable":true,"href":"https:\/\/www.topbikes.ca\/nicaragua\/wp-json\/wp\/v2\/product_cat?post=3419"},{"taxonomy":"product_tag","embeddable":true,"href":"https:\/\/www.topbikes.ca\/nicaragua\/wp-json\/wp\/v2\/product_tag?post=3419"}],"curies":[{"name":"wp","href":"https:\/\/api.w.org\/{rel}","templated":true}]}}