{"id":3432,"date":"2023-11-16T14:26:06","date_gmt":"2023-11-16T20:26:06","guid":{"rendered":"https:\/\/www.topbikes.ca\/nicaragua\/?post_type=product&#038;p=3432"},"modified":"2023-11-16T14:26:46","modified_gmt":"2023-11-16T20:26:46","slug":"suspension-auron","status":"publish","type":"product","link":"https:\/\/www.topbikes.ca\/nicaragua\/producto\/suspension-auron\/","title":{"rendered":"Suspensi\u00f3n AURON"},"content":{"rendered":"<p>Tenedor Suntour Auron TA RC2 DS 15QLC2Ti (120-160MM) 27.5 Y S-727, Velocidad, terreno t\u00e9cnico y subidas dif\u00edciles, de eso se trata el enduro y la conducci\u00f3n moderna por senderos. Ahora piense en E-Mountainbike y podr\u00e1 ver para qu\u00e9 sirve nuestra horquilla AURON.<\/p>\n","protected":false},"excerpt":{"rendered":"<p>Tenedor Suntour Auron TA RC2 DS 15QLC2Ti (120-160MM) 27.5 Y S-727, Velocidad, terreno t\u00e9cnico y subidas dif\u00edciles, de eso se trata el enduro y la conducci\u00f3n moderna por senderos. Ahora piense en E-Mountainbike y podr\u00e1 ver para qu\u00e9 sirve nuestra horquilla AURON.<\/p>\n","protected":false},"featured_media":3470,"template":"","meta":[],"pwb-brand":[98,65],"product_cat":[97,213],"product_tag":[],"brands":[{"id":98,"name":"Componentes","slug":"componentes"},{"id":65,"name":"SR SUNTOUR","slug":"sr-suntour"}],"_links":{"self":[{"href":"https:\/\/www.topbikes.ca\/nicaragua\/wp-json\/wp\/v2\/product\/3432"}],"collection":[{"href":"https:\/\/www.topbikes.ca\/nicaragua\/wp-json\/wp\/v2\/product"}],"about":[{"href":"https:\/\/www.topbikes.ca\/nicaragua\/wp-json\/wp\/v2\/types\/product"}],"wp:featuredmedia":[{"embeddable":true,"href":"https:\/\/www.topbikes.ca\/nicaragua\/wp-json\/wp\/v2\/media\/3470"}],"wp:attachment":[{"href":"https:\/\/www.topbikes.ca\/nicaragua\/wp-json\/wp\/v2\/media?parent=3432"}],"wp:term":[{"taxonomy":"pwb-brand","embeddable":true,"href":"https:\/\/www.topbikes.ca\/nicaragua\/wp-json\/wp\/v2\/pwb-brand?post=3432"},{"taxonomy":"product_cat","embeddable":true,"href":"https:\/\/www.topbikes.ca\/nicaragua\/wp-json\/wp\/v2\/product_cat?post=3432"},{"taxonomy":"product_tag","embeddable":true,"href":"https:\/\/www.topbikes.ca\/nicaragua\/wp-json\/wp\/v2\/product_tag?post=3432"}],"curies":[{"name":"wp","href":"https:\/\/api.w.org\/{rel}","templated":true}]}}