{"id":3435,"date":"2023-11-16T14:26:07","date_gmt":"2023-11-16T20:26:07","guid":{"rendered":"https:\/\/www.topbikes.ca\/nicaragua\/?post_type=product&#038;p=3435"},"modified":"2023-11-16T14:26:47","modified_gmt":"2023-11-16T20:26:47","slug":"suspension-rux-r2c2-200mm","status":"publish","type":"product","link":"https:\/\/www.topbikes.ca\/nicaragua\/producto\/suspension-rux-r2c2-200mm\/","title":{"rendered":"Suspensi\u00f3n RUX R2C2 -200mm"},"content":{"rendered":"<p>Tenedor Suntour Rux R2C2 DS T 27.5 (200MM) YS-727, El chasis s\u00faper r\u00edgido y estable de 38 mm se ha lanzado a cualquier cosa que los ciclistas puedan imaginar.<\/p>\n","protected":false},"excerpt":{"rendered":"<p>Tenedor Suntour Rux R2C2 DS T 27.5 (200MM) YS-727, El chasis s\u00faper r\u00edgido y estable de 38 mm se ha lanzado a cualquier cosa que los ciclistas puedan imaginar.<\/p>\n","protected":false},"featured_media":3473,"template":"","meta":[],"pwb-brand":[98,65],"product_cat":[97,213],"product_tag":[],"brands":[{"id":98,"name":"Componentes","slug":"componentes"},{"id":65,"name":"SR SUNTOUR","slug":"sr-suntour"}],"_links":{"self":[{"href":"https:\/\/www.topbikes.ca\/nicaragua\/wp-json\/wp\/v2\/product\/3435"}],"collection":[{"href":"https:\/\/www.topbikes.ca\/nicaragua\/wp-json\/wp\/v2\/product"}],"about":[{"href":"https:\/\/www.topbikes.ca\/nicaragua\/wp-json\/wp\/v2\/types\/product"}],"wp:featuredmedia":[{"embeddable":true,"href":"https:\/\/www.topbikes.ca\/nicaragua\/wp-json\/wp\/v2\/media\/3473"}],"wp:attachment":[{"href":"https:\/\/www.topbikes.ca\/nicaragua\/wp-json\/wp\/v2\/media?parent=3435"}],"wp:term":[{"taxonomy":"pwb-brand","embeddable":true,"href":"https:\/\/www.topbikes.ca\/nicaragua\/wp-json\/wp\/v2\/pwb-brand?post=3435"},{"taxonomy":"product_cat","embeddable":true,"href":"https:\/\/www.topbikes.ca\/nicaragua\/wp-json\/wp\/v2\/product_cat?post=3435"},{"taxonomy":"product_tag","embeddable":true,"href":"https:\/\/www.topbikes.ca\/nicaragua\/wp-json\/wp\/v2\/product_tag?post=3435"}],"curies":[{"name":"wp","href":"https:\/\/api.w.org\/{rel}","templated":true}]}}