{"id":3447,"date":"2023-11-16T14:26:29","date_gmt":"2023-11-16T20:26:29","guid":{"rendered":"https:\/\/www.topbikes.ca\/nicaragua\/?post_type=product&#038;p=3447"},"modified":"2023-11-16T14:26:58","modified_gmt":"2023-11-16T20:26:58","slug":"racer-straps-800","status":"publish","type":"product","link":"https:\/\/www.topbikes.ca\/nicaragua\/producto\/racer-straps-800\/","title":{"rendered":"racer straps 800"},"content":{"rendered":"<p>Ligero, funcional y aerodin\u00e1mico. La delgada bolsa para bicicleta RACER est\u00e1 hecha de tela duradera y resistente al agua que se integra muy bien en una bicicleta de carreras. Ofrece suficiente espacio para herramientas, tubos de repuesto y art\u00edculos personales. Los elementos reflectantes, como el logotipo de SKS, a\u00f1aden seguridad. La elegante bolsa tambi\u00e9n cuenta con cremallera laminada con cierre ergon\u00f3mico f\u00e1cil, bolsillo interior seguro y forro de color naranja para facilitar la b\u00fasqueda de art\u00edculos.<\/p>\n","protected":false},"excerpt":{"rendered":"<p>Ligero, funcional y aerodin\u00e1mico. La delgada bolsa para bicicleta RACER est\u00e1 hecha de tela duradera y resistente al agua que se integra muy bien en una bicicleta de carreras. Ofrece suficiente espacio para herramientas, tubos de repuesto y art\u00edculos personales. Los elementos reflectantes, como el logotipo de SKS, a\u00f1aden seguridad. La elegante bolsa tambi\u00e9n cuenta [&hellip;]<\/p>\n","protected":false},"featured_media":3493,"template":"","meta":[],"pwb-brand":[83,64],"product_cat":[35,206],"product_tag":[],"brands":[{"id":83,"name":"Accesorios","slug":"accesorios"},{"id":64,"name":"SKS","slug":"sks"}],"_links":{"self":[{"href":"https:\/\/www.topbikes.ca\/nicaragua\/wp-json\/wp\/v2\/product\/3447"}],"collection":[{"href":"https:\/\/www.topbikes.ca\/nicaragua\/wp-json\/wp\/v2\/product"}],"about":[{"href":"https:\/\/www.topbikes.ca\/nicaragua\/wp-json\/wp\/v2\/types\/product"}],"wp:featuredmedia":[{"embeddable":true,"href":"https:\/\/www.topbikes.ca\/nicaragua\/wp-json\/wp\/v2\/media\/3493"}],"wp:attachment":[{"href":"https:\/\/www.topbikes.ca\/nicaragua\/wp-json\/wp\/v2\/media?parent=3447"}],"wp:term":[{"taxonomy":"pwb-brand","embeddable":true,"href":"https:\/\/www.topbikes.ca\/nicaragua\/wp-json\/wp\/v2\/pwb-brand?post=3447"},{"taxonomy":"product_cat","embeddable":true,"href":"https:\/\/www.topbikes.ca\/nicaragua\/wp-json\/wp\/v2\/product_cat?post=3447"},{"taxonomy":"product_tag","embeddable":true,"href":"https:\/\/www.topbikes.ca\/nicaragua\/wp-json\/wp\/v2\/product_tag?post=3447"}],"curies":[{"name":"wp","href":"https:\/\/api.w.org\/{rel}","templated":true}]}}