{"id":3449,"date":"2023-11-16T14:26:30","date_gmt":"2023-11-16T20:26:30","guid":{"rendered":"https:\/\/www.topbikes.ca\/nicaragua\/?post_type=product&#038;p=3449"},"modified":"2023-11-16T14:27:00","modified_gmt":"2023-11-16T20:27:00","slug":"energy-bag","status":"publish","type":"product","link":"https:\/\/www.topbikes.ca\/nicaragua\/producto\/energy-bag\/","title":{"rendered":"energy bag"},"content":{"rendered":"<p>Nuestra BOLSA DE ENERG\u00cdA es la forma m\u00e1s f\u00e1cil y s\u00faper r\u00e1pida de llevar sus barras de energ\u00eda, dinero, tel\u00e9fono o llaves en su bicicleta. La peque\u00f1a bolsa se encuentra al alcance de los brazos en el tubo superior frontal, asegurada con accesorios de velcro. Por lo tanto, puede, por ejemplo, Cargue combustible f\u00e1cilmente con barras energ\u00e9ticas mientras sigue conduciendo. La tapa de la bolsa protege el contenido de los elementos. Los detalles reflectantes garantizan una mejor visibilidad en condiciones de poca luz.<\/p>\n","protected":false},"excerpt":{"rendered":"<p>Nuestra BOLSA DE ENERG\u00cdA es la forma m\u00e1s f\u00e1cil y s\u00faper r\u00e1pida de llevar sus barras de energ\u00eda, dinero, tel\u00e9fono o llaves en su bicicleta. La peque\u00f1a bolsa se encuentra al alcance de los brazos en el tubo superior frontal, asegurada con accesorios de velcro. Por lo tanto, puede, por ejemplo, Cargue combustible f\u00e1cilmente con [&hellip;]<\/p>\n","protected":false},"featured_media":3495,"template":"","meta":[],"pwb-brand":[83,64],"product_cat":[35,206],"product_tag":[],"brands":[{"id":83,"name":"Accesorios","slug":"accesorios"},{"id":64,"name":"SKS","slug":"sks"}],"_links":{"self":[{"href":"https:\/\/www.topbikes.ca\/nicaragua\/wp-json\/wp\/v2\/product\/3449"}],"collection":[{"href":"https:\/\/www.topbikes.ca\/nicaragua\/wp-json\/wp\/v2\/product"}],"about":[{"href":"https:\/\/www.topbikes.ca\/nicaragua\/wp-json\/wp\/v2\/types\/product"}],"wp:featuredmedia":[{"embeddable":true,"href":"https:\/\/www.topbikes.ca\/nicaragua\/wp-json\/wp\/v2\/media\/3495"}],"wp:attachment":[{"href":"https:\/\/www.topbikes.ca\/nicaragua\/wp-json\/wp\/v2\/media?parent=3449"}],"wp:term":[{"taxonomy":"pwb-brand","embeddable":true,"href":"https:\/\/www.topbikes.ca\/nicaragua\/wp-json\/wp\/v2\/pwb-brand?post=3449"},{"taxonomy":"product_cat","embeddable":true,"href":"https:\/\/www.topbikes.ca\/nicaragua\/wp-json\/wp\/v2\/product_cat?post=3449"},{"taxonomy":"product_tag","embeddable":true,"href":"https:\/\/www.topbikes.ca\/nicaragua\/wp-json\/wp\/v2\/product_tag?post=3449"}],"curies":[{"name":"wp","href":"https:\/\/api.w.org\/{rel}","templated":true}]}}