{"id":3450,"date":"2023-11-16T14:26:30","date_gmt":"2023-11-16T20:26:30","guid":{"rendered":"https:\/\/www.topbikes.ca\/nicaragua\/?post_type=product&#038;p=3450"},"modified":"2023-11-16T14:27:01","modified_gmt":"2023-11-16T20:27:01","slug":"inflador-de-suspension-msp","status":"publish","type":"product","link":"https:\/\/www.topbikes.ca\/nicaragua\/producto\/inflador-de-suspension-msp\/","title":{"rendered":"Inflador de suspension MSP"},"content":{"rendered":"<p>MSP (Mountain Suspension Pump) es imprescindible en todas las mochilas para bicicletas. La manguera de malla de acero flexible se desenrosca del cilindro de la bomba para un viaje compacto. La conexi\u00f3n de la v\u00e1lvula se realiza con un nuevo conector de rosca de 2 etapas, que permite enroscar y desenroscar sin p\u00e9rdida de presi\u00f3n. El dial de reducci\u00f3n de presi\u00f3n le permite alcanzar exactamente el valor deseado.<\/p>\n","protected":false},"excerpt":{"rendered":"<p>MSP (Mountain Suspension Pump) es imprescindible en todas las mochilas para bicicletas. La manguera de malla de acero flexible se desenrosca del cilindro de la bomba para un viaje compacto. La conexi\u00f3n de la v\u00e1lvula se realiza con un nuevo conector de rosca de 2 etapas, que permite enroscar y desenroscar sin p\u00e9rdida de presi\u00f3n. [&hellip;]<\/p>\n","protected":false},"featured_media":3496,"template":"","meta":[],"pwb-brand":[83,64],"product_cat":[35,214],"product_tag":[],"brands":[{"id":83,"name":"Accesorios","slug":"accesorios"},{"id":64,"name":"SKS","slug":"sks"}],"_links":{"self":[{"href":"https:\/\/www.topbikes.ca\/nicaragua\/wp-json\/wp\/v2\/product\/3450"}],"collection":[{"href":"https:\/\/www.topbikes.ca\/nicaragua\/wp-json\/wp\/v2\/product"}],"about":[{"href":"https:\/\/www.topbikes.ca\/nicaragua\/wp-json\/wp\/v2\/types\/product"}],"wp:featuredmedia":[{"embeddable":true,"href":"https:\/\/www.topbikes.ca\/nicaragua\/wp-json\/wp\/v2\/media\/3496"}],"wp:attachment":[{"href":"https:\/\/www.topbikes.ca\/nicaragua\/wp-json\/wp\/v2\/media?parent=3450"}],"wp:term":[{"taxonomy":"pwb-brand","embeddable":true,"href":"https:\/\/www.topbikes.ca\/nicaragua\/wp-json\/wp\/v2\/pwb-brand?post=3450"},{"taxonomy":"product_cat","embeddable":true,"href":"https:\/\/www.topbikes.ca\/nicaragua\/wp-json\/wp\/v2\/product_cat?post=3450"},{"taxonomy":"product_tag","embeddable":true,"href":"https:\/\/www.topbikes.ca\/nicaragua\/wp-json\/wp\/v2\/product_tag?post=3450"}],"curies":[{"name":"wp","href":"https:\/\/api.w.org\/{rel}","templated":true}]}}