{"id":3451,"date":"2023-11-16T14:26:30","date_gmt":"2023-11-16T20:26:30","guid":{"rendered":"https:\/\/www.topbikes.ca\/nicaragua\/?post_type=product&#038;p=3451"},"modified":"2023-11-16T14:27:02","modified_gmt":"2023-11-16T20:27:02","slug":"inflador-de-suspension-sam","status":"publish","type":"product","link":"https:\/\/www.topbikes.ca\/nicaragua\/producto\/inflador-de-suspension-sam\/","title":{"rendered":"Inflador de suspension SAM"},"content":{"rendered":"<p>SKS S.A.M. La bomba de suspensi\u00f3n (Suspension Air Mechanic) es adecuada para cualquier recorrido, con su dise\u00f1o de mini bomba. La conexi\u00f3n de la manguera giratoria est\u00e1 reforzada con una malla de acero flexible, que es como debe ser, dada la presi\u00f3n m\u00e1xima superior a 315 PSI. La conexi\u00f3n schrader se realiza con un nuevo conector roscado de 2 etapas, lo que permite atornillar sin p\u00e9rdida de presi\u00f3n. Una v\u00e1lvula de reducci\u00f3n de presi\u00f3n le permite ajustar la presi\u00f3n exactamente al valor deseado<\/p>\n","protected":false},"excerpt":{"rendered":"<p>SKS S.A.M. La bomba de suspensi\u00f3n (Suspension Air Mechanic) es adecuada para cualquier recorrido, con su dise\u00f1o de mini bomba. La conexi\u00f3n de la manguera giratoria est\u00e1 reforzada con una malla de acero flexible, que es como debe ser, dada la presi\u00f3n m\u00e1xima superior a 315 PSI. La conexi\u00f3n schrader se realiza con un nuevo [&hellip;]<\/p>\n","protected":false},"featured_media":3497,"template":"","meta":[],"pwb-brand":[83,64],"product_cat":[35,214],"product_tag":[],"brands":[{"id":83,"name":"Accesorios","slug":"accesorios"},{"id":64,"name":"SKS","slug":"sks"}],"_links":{"self":[{"href":"https:\/\/www.topbikes.ca\/nicaragua\/wp-json\/wp\/v2\/product\/3451"}],"collection":[{"href":"https:\/\/www.topbikes.ca\/nicaragua\/wp-json\/wp\/v2\/product"}],"about":[{"href":"https:\/\/www.topbikes.ca\/nicaragua\/wp-json\/wp\/v2\/types\/product"}],"wp:featuredmedia":[{"embeddable":true,"href":"https:\/\/www.topbikes.ca\/nicaragua\/wp-json\/wp\/v2\/media\/3497"}],"wp:attachment":[{"href":"https:\/\/www.topbikes.ca\/nicaragua\/wp-json\/wp\/v2\/media?parent=3451"}],"wp:term":[{"taxonomy":"pwb-brand","embeddable":true,"href":"https:\/\/www.topbikes.ca\/nicaragua\/wp-json\/wp\/v2\/pwb-brand?post=3451"},{"taxonomy":"product_cat","embeddable":true,"href":"https:\/\/www.topbikes.ca\/nicaragua\/wp-json\/wp\/v2\/product_cat?post=3451"},{"taxonomy":"product_tag","embeddable":true,"href":"https:\/\/www.topbikes.ca\/nicaragua\/wp-json\/wp\/v2\/product_tag?post=3451"}],"curies":[{"name":"wp","href":"https:\/\/api.w.org\/{rel}","templated":true}]}}