{"id":3452,"date":"2023-11-16T14:26:30","date_gmt":"2023-11-16T20:26:30","guid":{"rendered":"https:\/\/www.topbikes.ca\/nicaragua\/?post_type=product&#038;p=3452"},"modified":"2023-11-16T14:27:03","modified_gmt":"2023-11-16T20:27:03","slug":"airworks-10-0","status":"publish","type":"product","link":"https:\/\/www.topbikes.ca\/nicaragua\/producto\/airworks-10-0\/","title":{"rendered":"Airworks 10.0"},"content":{"rendered":"<p>Grande, m\u00e1s grande, AIRWORX PLUS 10.0. La altura promedio superior de la bomba de piso de alto rendimiento de SKS le permite proporcionar un gran volumen por carrera. El mango suave al tacto con ranuras de agarre proporciona una sensaci\u00f3n c\u00f3moda y le permite inflar sus neum\u00e1ticos hasta 10 bar \/ 144 PSI. La base de metal s\u00f3lido asegura un punto de apoyo firme. El man\u00f3metro de precisi\u00f3n que se coloca en la parte superior y se puede leer f\u00e1cilmente tambi\u00e9n tiene una v\u00e1lvula de liberaci\u00f3n de presi\u00f3n. Adem\u00e1s de la manguera larga de alta presi\u00f3n, la bomba est\u00e1 equipada con un cabezal MULTIVALVE para su uso con todo tipo de v\u00e1lvulas y viene con dos adaptadores para bolas o colchones inflables.<\/p>\n","protected":false},"excerpt":{"rendered":"<p>Grande, m\u00e1s grande, AIRWORX PLUS 10.0. La altura promedio superior de la bomba de piso de alto rendimiento de SKS le permite proporcionar un gran volumen por carrera. El mango suave al tacto con ranuras de agarre proporciona una sensaci\u00f3n c\u00f3moda y le permite inflar sus neum\u00e1ticos hasta 10 bar \/ 144 PSI. La base [&hellip;]<\/p>\n","protected":false},"featured_media":3498,"template":"","meta":[],"pwb-brand":[83,64],"product_cat":[35,214],"product_tag":[],"brands":[{"id":83,"name":"Accesorios","slug":"accesorios"},{"id":64,"name":"SKS","slug":"sks"}],"_links":{"self":[{"href":"https:\/\/www.topbikes.ca\/nicaragua\/wp-json\/wp\/v2\/product\/3452"}],"collection":[{"href":"https:\/\/www.topbikes.ca\/nicaragua\/wp-json\/wp\/v2\/product"}],"about":[{"href":"https:\/\/www.topbikes.ca\/nicaragua\/wp-json\/wp\/v2\/types\/product"}],"wp:featuredmedia":[{"embeddable":true,"href":"https:\/\/www.topbikes.ca\/nicaragua\/wp-json\/wp\/v2\/media\/3498"}],"wp:attachment":[{"href":"https:\/\/www.topbikes.ca\/nicaragua\/wp-json\/wp\/v2\/media?parent=3452"}],"wp:term":[{"taxonomy":"pwb-brand","embeddable":true,"href":"https:\/\/www.topbikes.ca\/nicaragua\/wp-json\/wp\/v2\/pwb-brand?post=3452"},{"taxonomy":"product_cat","embeddable":true,"href":"https:\/\/www.topbikes.ca\/nicaragua\/wp-json\/wp\/v2\/product_cat?post=3452"},{"taxonomy":"product_tag","embeddable":true,"href":"https:\/\/www.topbikes.ca\/nicaragua\/wp-json\/wp\/v2\/product_tag?post=3452"}],"curies":[{"name":"wp","href":"https:\/\/api.w.org\/{rel}","templated":true}]}}