{"id":3456,"date":"2023-11-16T14:26:31","date_gmt":"2023-11-16T20:26:31","guid":{"rendered":"https:\/\/www.topbikes.ca\/nicaragua\/?post_type=product&#038;p=3456"},"modified":"2023-11-16T14:27:34","modified_gmt":"2023-11-16T20:27:34","slug":"zapatos-f-22-ii","status":"publish","type":"product","link":"https:\/\/www.topbikes.ca\/nicaragua\/producto\/zapatos-f-22-ii\/","title":{"rendered":"Zapatos F-22 II"},"content":{"rendered":"<p>Utilizando las ventajas tecnol\u00f3gicas del Elite F-XX II, el zapato Pro F-22 II presenta un dise\u00f1o y una composici\u00f3n similares. Despu\u00e9s de a\u00f1os de pruebas de I + D, hemos finalizado nuestra zapatilla F-22 II, que tiene la rigidez para competir con los modelos de carrera, pero con el precio para competir con las zapatillas de nivel de entrada. El F-22 II presenta la suela exterior R350 con una placa de carbono 100% en el \u00e1rea de la cala, donde la transferencia de potencia es m\u00e1s importante. Esta combinaci\u00f3n \u00fanica de una placa r\u00edgida de carbono permite al ciclista lograr un golpe de pedal potente y eficiente, mientras que el compuesto de nailon circundante permite una mayor flexibilidad y una comodidad \u00e1gil durante la conducci\u00f3n. El F-22 II utiliza el sistema de cordones de perilla de carrete A-A17 para facilitar el cierre y la liberaci\u00f3n. La parte superior sin costuras est\u00e1 construida con una sola pieza de microfibra premium con puertos de malla de nailon y una leng\u00fceta de malla de aire para una ventilaci\u00f3n superior.<\/p>\n","protected":false},"excerpt":{"rendered":"<p>Utilizando las ventajas tecnol\u00f3gicas del Elite F-XX II, el zapato Pro F-22 II presenta un dise\u00f1o y una composici\u00f3n similares. Despu\u00e9s de a\u00f1os de pruebas de I + D, hemos finalizado nuestra zapatilla F-22 II, que tiene la rigidez para competir con los modelos de carrera, pero con el precio para competir con las zapatillas [&hellip;]<\/p>\n","protected":false},"featured_media":3502,"template":"","meta":[],"pwb-brand":[92,56],"product_cat":[91,215],"product_tag":[],"brands":[{"id":92,"name":"Equipamiento","slug":"equipamiento"},{"id":56,"name":"FLR","slug":"flr"}],"_links":{"self":[{"href":"https:\/\/www.topbikes.ca\/nicaragua\/wp-json\/wp\/v2\/product\/3456"}],"collection":[{"href":"https:\/\/www.topbikes.ca\/nicaragua\/wp-json\/wp\/v2\/product"}],"about":[{"href":"https:\/\/www.topbikes.ca\/nicaragua\/wp-json\/wp\/v2\/types\/product"}],"wp:featuredmedia":[{"embeddable":true,"href":"https:\/\/www.topbikes.ca\/nicaragua\/wp-json\/wp\/v2\/media\/3502"}],"wp:attachment":[{"href":"https:\/\/www.topbikes.ca\/nicaragua\/wp-json\/wp\/v2\/media?parent=3456"}],"wp:term":[{"taxonomy":"pwb-brand","embeddable":true,"href":"https:\/\/www.topbikes.ca\/nicaragua\/wp-json\/wp\/v2\/pwb-brand?post=3456"},{"taxonomy":"product_cat","embeddable":true,"href":"https:\/\/www.topbikes.ca\/nicaragua\/wp-json\/wp\/v2\/product_cat?post=3456"},{"taxonomy":"product_tag","embeddable":true,"href":"https:\/\/www.topbikes.ca\/nicaragua\/wp-json\/wp\/v2\/product_tag?post=3456"}],"curies":[{"name":"wp","href":"https:\/\/api.w.org\/{rel}","templated":true}]}}