{"id":3486,"date":"2023-11-16T14:26:55","date_gmt":"2023-11-16T20:26:55","guid":{"rendered":"https:\/\/www.topbikes.ca\/nicaragua\/?post_type=product&#038;p=3486"},"modified":"2023-11-16T14:27:34","modified_gmt":"2023-11-16T20:27:34","slug":"zapatos-f-15-iii","status":"publish","type":"product","link":"https:\/\/www.topbikes.ca\/nicaragua\/producto\/zapatos-f-15-iii\/","title":{"rendered":"ZAPATOS F-15 III"},"content":{"rendered":"<p>M\u00e1s ligero, m\u00e1s r\u00edgido, m\u00e1s c\u00f3modo; \u00a1El F-15 III recientemente redise\u00f1ado ya est\u00e1 aqu\u00ed! El zapato est\u00e1 dise\u00f1ado con un sistema de cierre de tres puntos: una hebilla de trinquete para garantizar un ajuste preciso y un cierre seguro y dos correas de velcro desplazadas. La correa de la parte media del pie se adapta a la forma de su pie para una sensaci\u00f3n de \u00absegunda piel\u00bb y la correa adicional ayuda a distribuir la presi\u00f3n sin pellizcar. La hebilla y la correa se pueden reemplazar. Con la suela R250 dise\u00f1ada con un soporte de arco de longitud completa que no se acumula con el tiempo; una lengua bien acolchada que distribuye uniformemente la presi\u00f3n; Plantilla compuesta de 2 capas que absorbe los golpes de la carretera y puertos de malla de nailon para ventilaci\u00f3n que se unen para hacer de la F-15 III una zapatilla de carretera de rendimiento supremamente c\u00f3moda.<\/p>\n","protected":false},"excerpt":{"rendered":"<p>M\u00e1s ligero, m\u00e1s r\u00edgido, m\u00e1s c\u00f3modo; \u00a1El F-15 III recientemente redise\u00f1ado ya est\u00e1 aqu\u00ed! El zapato est\u00e1 dise\u00f1ado con un sistema de cierre de tres puntos: una hebilla de trinquete para garantizar un ajuste preciso y un cierre seguro y dos correas de velcro desplazadas. La correa de la parte media del pie se adapta [&hellip;]<\/p>\n","protected":false},"featured_media":3523,"template":"","meta":[],"pwb-brand":[92,56],"product_cat":[91,215],"product_tag":[],"brands":[{"id":92,"name":"Equipamiento","slug":"equipamiento"},{"id":56,"name":"FLR","slug":"flr"}],"_links":{"self":[{"href":"https:\/\/www.topbikes.ca\/nicaragua\/wp-json\/wp\/v2\/product\/3486"}],"collection":[{"href":"https:\/\/www.topbikes.ca\/nicaragua\/wp-json\/wp\/v2\/product"}],"about":[{"href":"https:\/\/www.topbikes.ca\/nicaragua\/wp-json\/wp\/v2\/types\/product"}],"wp:featuredmedia":[{"embeddable":true,"href":"https:\/\/www.topbikes.ca\/nicaragua\/wp-json\/wp\/v2\/media\/3523"}],"wp:attachment":[{"href":"https:\/\/www.topbikes.ca\/nicaragua\/wp-json\/wp\/v2\/media?parent=3486"}],"wp:term":[{"taxonomy":"pwb-brand","embeddable":true,"href":"https:\/\/www.topbikes.ca\/nicaragua\/wp-json\/wp\/v2\/pwb-brand?post=3486"},{"taxonomy":"product_cat","embeddable":true,"href":"https:\/\/www.topbikes.ca\/nicaragua\/wp-json\/wp\/v2\/product_cat?post=3486"},{"taxonomy":"product_tag","embeddable":true,"href":"https:\/\/www.topbikes.ca\/nicaragua\/wp-json\/wp\/v2\/product_tag?post=3486"}],"curies":[{"name":"wp","href":"https:\/\/api.w.org\/{rel}","templated":true}]}}