{"id":3510,"date":"2023-11-16T14:27:15","date_gmt":"2023-11-16T20:27:15","guid":{"rendered":"https:\/\/www.topbikes.ca\/nicaragua\/?post_type=product&#038;p=3510"},"modified":"2023-11-16T14:28:05","modified_gmt":"2023-11-16T20:28:05","slug":"zapatos-f-55-iii","status":"publish","type":"product","link":"https:\/\/www.topbikes.ca\/nicaragua\/producto\/zapatos-f-55-iii\/","title":{"rendered":"ZAPATOS F-55 III"},"content":{"rendered":"<p>Cl\u00e1sico y asequible con alto rendimiento, el F-55 III es el principal calzado de elecci\u00f3n. Confeccionado con una parte superior sint\u00e9tica de alta calidad con seis paneles de inserci\u00f3n de malla para mantener los pies ventilados y frescos. El zapato cuenta con tres correas de velcro de perfil bajo para garantizar un ajuste preciso y seguro, y se puede ajustar f\u00e1cilmente mientras se conduce. La leng\u00fceta ergon\u00f3mica perforada es transpirable y absorbe r\u00e1pidamente la humedad del pie. Con la suela exterior M250 MTB actualizada, construida con nailon para una excelente transferencia de potencia, la F-55 III cuenta con tacos de suela de doble densidad que aumentan el agarre al terreno, as\u00ed como puntas de los dedos extra\u00edbles para mayor tracci\u00f3n en el clima invernal o ciclocross. El excelente soporte del arco de longitud completa garantiza que la suela no se compacte con el tiempo y una leng\u00fceta bien acolchada ayuda a distribuir uniformemente la presi\u00f3n del pie y absorber las vibraciones del sendero.<\/p>\n","protected":false},"excerpt":{"rendered":"<p>Cl\u00e1sico y asequible con alto rendimiento, el F-55 III es el principal calzado de elecci\u00f3n. Confeccionado con una parte superior sint\u00e9tica de alta calidad con seis paneles de inserci\u00f3n de malla para mantener los pies ventilados y frescos. El zapato cuenta con tres correas de velcro de perfil bajo para garantizar un ajuste preciso y [&hellip;]<\/p>\n","protected":false},"featured_media":3527,"template":"","meta":[],"pwb-brand":[92,56],"product_cat":[91,216],"product_tag":[],"brands":[{"id":92,"name":"Equipamiento","slug":"equipamiento"},{"id":56,"name":"FLR","slug":"flr"}],"_links":{"self":[{"href":"https:\/\/www.topbikes.ca\/nicaragua\/wp-json\/wp\/v2\/product\/3510"}],"collection":[{"href":"https:\/\/www.topbikes.ca\/nicaragua\/wp-json\/wp\/v2\/product"}],"about":[{"href":"https:\/\/www.topbikes.ca\/nicaragua\/wp-json\/wp\/v2\/types\/product"}],"wp:featuredmedia":[{"embeddable":true,"href":"https:\/\/www.topbikes.ca\/nicaragua\/wp-json\/wp\/v2\/media\/3527"}],"wp:attachment":[{"href":"https:\/\/www.topbikes.ca\/nicaragua\/wp-json\/wp\/v2\/media?parent=3510"}],"wp:term":[{"taxonomy":"pwb-brand","embeddable":true,"href":"https:\/\/www.topbikes.ca\/nicaragua\/wp-json\/wp\/v2\/pwb-brand?post=3510"},{"taxonomy":"product_cat","embeddable":true,"href":"https:\/\/www.topbikes.ca\/nicaragua\/wp-json\/wp\/v2\/product_cat?post=3510"},{"taxonomy":"product_tag","embeddable":true,"href":"https:\/\/www.topbikes.ca\/nicaragua\/wp-json\/wp\/v2\/product_tag?post=3510"}],"curies":[{"name":"wp","href":"https:\/\/api.w.org\/{rel}","templated":true}]}}