{"id":3538,"date":"2023-11-16T14:27:37","date_gmt":"2023-11-16T20:27:37","guid":{"rendered":"https:\/\/www.topbikes.ca\/nicaragua\/?post_type=product&#038;p=3538"},"modified":"2023-11-16T14:28:05","modified_gmt":"2023-11-16T20:28:05","slug":"zapatos-f-65-iii","status":"publish","type":"product","link":"https:\/\/www.topbikes.ca\/nicaragua\/producto\/zapatos-f-65-iii\/","title":{"rendered":"ZAPATOS F-65 III"},"content":{"rendered":"<p>\u00a1CONSTRU\u00cdDO PARA PERDURAR! El F-65 III mejorado presenta una parte superior sint\u00e9tica duradera, transpirable y c\u00f3moda con una puntera reforzada para proteger contra las rocas y otros escombros del camino. Dos correas de velcro desplazadas y una sola hebilla de trinquete garantizan un ajuste seguro y preciso. Con la suela M250 para una excelente transferencia de potencia, el F-65 III cuenta con tacos de suela de doble densidad que aumentan el agarre al terreno, sin comprometer la durabilidad y puntas de los dedos extra\u00edbles para mayor tracci\u00f3n en el clima invernal o ciclocross. El excelente soporte del arco de longitud completa garantiza que la suela no se compacte con el tiempo y una leng\u00fceta bien acolchada ayuda a distribuir uniformemente la presi\u00f3n del pie y absorber las vibraciones del sendero.<\/p>\n","protected":false},"excerpt":{"rendered":"<p>\u00a1CONSTRU\u00cdDO PARA PERDURAR! El F-65 III mejorado presenta una parte superior sint\u00e9tica duradera, transpirable y c\u00f3moda con una puntera reforzada para proteger contra las rocas y otros escombros del camino. Dos correas de velcro desplazadas y una sola hebilla de trinquete garantizan un ajuste seguro y preciso. Con la suela M250 para una excelente transferencia [&hellip;]<\/p>\n","protected":false},"featured_media":3563,"template":"","meta":[],"pwb-brand":[92,56],"product_cat":[91,216],"product_tag":[],"brands":[{"id":92,"name":"Equipamiento","slug":"equipamiento"},{"id":56,"name":"FLR","slug":"flr"}],"_links":{"self":[{"href":"https:\/\/www.topbikes.ca\/nicaragua\/wp-json\/wp\/v2\/product\/3538"}],"collection":[{"href":"https:\/\/www.topbikes.ca\/nicaragua\/wp-json\/wp\/v2\/product"}],"about":[{"href":"https:\/\/www.topbikes.ca\/nicaragua\/wp-json\/wp\/v2\/types\/product"}],"wp:featuredmedia":[{"embeddable":true,"href":"https:\/\/www.topbikes.ca\/nicaragua\/wp-json\/wp\/v2\/media\/3563"}],"wp:attachment":[{"href":"https:\/\/www.topbikes.ca\/nicaragua\/wp-json\/wp\/v2\/media?parent=3538"}],"wp:term":[{"taxonomy":"pwb-brand","embeddable":true,"href":"https:\/\/www.topbikes.ca\/nicaragua\/wp-json\/wp\/v2\/pwb-brand?post=3538"},{"taxonomy":"product_cat","embeddable":true,"href":"https:\/\/www.topbikes.ca\/nicaragua\/wp-json\/wp\/v2\/product_cat?post=3538"},{"taxonomy":"product_tag","embeddable":true,"href":"https:\/\/www.topbikes.ca\/nicaragua\/wp-json\/wp\/v2\/product_tag?post=3538"}],"curies":[{"name":"wp","href":"https:\/\/api.w.org\/{rel}","templated":true}]}}