{"id":3548,"date":"2023-11-16T14:27:38","date_gmt":"2023-11-16T20:27:38","guid":{"rendered":"https:\/\/www.topbikes.ca\/nicaragua\/?post_type=product&#038;p=3548"},"modified":"2023-11-16T14:28:05","modified_gmt":"2023-11-16T20:28:05","slug":"zapatos-f-75","status":"publish","type":"product","link":"https:\/\/www.topbikes.ca\/nicaragua\/producto\/zapatos-f-75\/","title":{"rendered":"ZAPATOS F-75"},"content":{"rendered":"<p>La F-75 II cuenta con tecnolog\u00eda avanzada, transferencia de potencia r\u00edgida y comodidad continua, para ofrecer la combinaci\u00f3n definitiva de las muchas caracter\u00edsticas avanzadas deseadas en una zapatilla de MTB de rendimiento profesional. Utilizando la suela exterior de placa de carbono M350, el F75 II ofrece un golpe de pedal r\u00edgido, potente y eficiente para una excelente transferencia de potencia directamente a los pedales. El zapato est\u00e1 construido con una parte superior de microfibra sin costuras con inserciones de malla de nailon para una ventilaci\u00f3n \u00f3ptima y tiene un sistema de cordones de perilla de carrete f\u00e1cil de usar para proporcionar un ajuste seguro y preciso. Las caracter\u00edsticas adicionales incluyen almohadillas para caminar de TPU ampliamente espaciadas para un agarre m\u00e1s seguro y puntas extra\u00edbles para el clima invernal o la tracci\u00f3n del ciclocross.<\/p>\n","protected":false},"excerpt":{"rendered":"<p>La F-75 II cuenta con tecnolog\u00eda avanzada, transferencia de potencia r\u00edgida y comodidad continua, para ofrecer la combinaci\u00f3n definitiva de las muchas caracter\u00edsticas avanzadas deseadas en una zapatilla de MTB de rendimiento profesional. Utilizando la suela exterior de placa de carbono M350, el F75 II ofrece un golpe de pedal r\u00edgido, potente y eficiente para [&hellip;]<\/p>\n","protected":false},"featured_media":3569,"template":"","meta":[],"pwb-brand":[92,56],"product_cat":[91,216],"product_tag":[],"brands":[{"id":92,"name":"Equipamiento","slug":"equipamiento"},{"id":56,"name":"FLR","slug":"flr"}],"_links":{"self":[{"href":"https:\/\/www.topbikes.ca\/nicaragua\/wp-json\/wp\/v2\/product\/3548"}],"collection":[{"href":"https:\/\/www.topbikes.ca\/nicaragua\/wp-json\/wp\/v2\/product"}],"about":[{"href":"https:\/\/www.topbikes.ca\/nicaragua\/wp-json\/wp\/v2\/types\/product"}],"wp:featuredmedia":[{"embeddable":true,"href":"https:\/\/www.topbikes.ca\/nicaragua\/wp-json\/wp\/v2\/media\/3569"}],"wp:attachment":[{"href":"https:\/\/www.topbikes.ca\/nicaragua\/wp-json\/wp\/v2\/media?parent=3548"}],"wp:term":[{"taxonomy":"pwb-brand","embeddable":true,"href":"https:\/\/www.topbikes.ca\/nicaragua\/wp-json\/wp\/v2\/pwb-brand?post=3548"},{"taxonomy":"product_cat","embeddable":true,"href":"https:\/\/www.topbikes.ca\/nicaragua\/wp-json\/wp\/v2\/product_cat?post=3548"},{"taxonomy":"product_tag","embeddable":true,"href":"https:\/\/www.topbikes.ca\/nicaragua\/wp-json\/wp\/v2\/product_tag?post=3548"}],"curies":[{"name":"wp","href":"https:\/\/api.w.org\/{rel}","templated":true}]}}