{"id":3554,"date":"2023-11-16T14:27:39","date_gmt":"2023-11-16T20:27:39","guid":{"rendered":"https:\/\/www.topbikes.ca\/nicaragua\/?post_type=product&#038;p=3554"},"modified":"2023-11-16T14:28:30","modified_gmt":"2023-11-16T20:28:30","slug":"cefalu-short-sleeve-jersey-j-161","status":"publish","type":"product","link":"https:\/\/www.topbikes.ca\/nicaragua\/producto\/cefalu-short-sleeve-jersey-j-161\/","title":{"rendered":"Cefalu Short Sleeve Jersey \u2013 J-161"},"content":{"rendered":"<p>El maillot de manga corta Cefalu para varios a\u00f1os es un maillot de ciclismo de nivel activo, con una pinza de lycra en los brazos para una m\u00e1xima comodidad y flexibilidad. El maillot de manga corta Cefalu para varios a\u00f1os te permite mantener todos tus objetos de valor seguros y secos, con tres bolsillos traseros.<\/p>\n","protected":false},"excerpt":{"rendered":"<p>El maillot de manga corta Cefalu para varios a\u00f1os es un maillot de ciclismo de nivel activo, con una pinza de lycra en los brazos para una m\u00e1xima comodidad y flexibilidad. El maillot de manga corta Cefalu para varios a\u00f1os te permite mantener todos tus objetos de valor seguros y secos, con tres bolsillos traseros.<\/p>\n","protected":false},"featured_media":3574,"template":"","meta":[],"pwb-brand":[92,57],"product_cat":[91,217],"product_tag":[],"brands":[{"id":92,"name":"Equipamiento","slug":"equipamiento"},{"id":57,"name":"Funkier","slug":"funkier"}],"_links":{"self":[{"href":"https:\/\/www.topbikes.ca\/nicaragua\/wp-json\/wp\/v2\/product\/3554"}],"collection":[{"href":"https:\/\/www.topbikes.ca\/nicaragua\/wp-json\/wp\/v2\/product"}],"about":[{"href":"https:\/\/www.topbikes.ca\/nicaragua\/wp-json\/wp\/v2\/types\/product"}],"wp:featuredmedia":[{"embeddable":true,"href":"https:\/\/www.topbikes.ca\/nicaragua\/wp-json\/wp\/v2\/media\/3574"}],"wp:attachment":[{"href":"https:\/\/www.topbikes.ca\/nicaragua\/wp-json\/wp\/v2\/media?parent=3554"}],"wp:term":[{"taxonomy":"pwb-brand","embeddable":true,"href":"https:\/\/www.topbikes.ca\/nicaragua\/wp-json\/wp\/v2\/pwb-brand?post=3554"},{"taxonomy":"product_cat","embeddable":true,"href":"https:\/\/www.topbikes.ca\/nicaragua\/wp-json\/wp\/v2\/product_cat?post=3554"},{"taxonomy":"product_tag","embeddable":true,"href":"https:\/\/www.topbikes.ca\/nicaragua\/wp-json\/wp\/v2\/product_tag?post=3554"}],"curies":[{"name":"wp","href":"https:\/\/api.w.org\/{rel}","templated":true}]}}