{"id":3578,"date":"2023-11-16T14:28:08","date_gmt":"2023-11-16T20:28:08","guid":{"rendered":"https:\/\/www.topbikes.ca\/nicaragua\/?post_type=product&#038;p=3578"},"modified":"2023-11-16T14:28:30","modified_gmt":"2023-11-16T20:28:30","slug":"varallo","status":"publish","type":"product","link":"https:\/\/www.topbikes.ca\/nicaragua\/producto\/varallo\/","title":{"rendered":"Varallo"},"content":{"rendered":"<p>La chaqueta de lluvia Varallo ofrece una gran protecci\u00f3n en climas ventosos y lluvias dispersas, manteniendo su n\u00facleo caliente. El tap\u00f3n de lluvia y viento Pro level te ayuda a mantenerte abrigado al tiempo que proporciona una gran compacidad, ya que puedes plegarlo f\u00e1cilmente en su propio bolsillo trasero cuando el clima es agradable y tranquilo.<\/p>\n","protected":false},"excerpt":{"rendered":"<p>La chaqueta de lluvia Varallo ofrece una gran protecci\u00f3n en climas ventosos y lluvias dispersas, manteniendo su n\u00facleo caliente. El tap\u00f3n de lluvia y viento Pro level te ayuda a mantenerte abrigado al tiempo que proporciona una gran compacidad, ya que puedes plegarlo f\u00e1cilmente en su propio bolsillo trasero cuando el clima es agradable y [&hellip;]<\/p>\n","protected":false},"featured_media":3599,"template":"","meta":[],"pwb-brand":[92,57],"product_cat":[91,217],"product_tag":[],"brands":[{"id":92,"name":"Equipamiento","slug":"equipamiento"},{"id":57,"name":"Funkier","slug":"funkier"}],"_links":{"self":[{"href":"https:\/\/www.topbikes.ca\/nicaragua\/wp-json\/wp\/v2\/product\/3578"}],"collection":[{"href":"https:\/\/www.topbikes.ca\/nicaragua\/wp-json\/wp\/v2\/product"}],"about":[{"href":"https:\/\/www.topbikes.ca\/nicaragua\/wp-json\/wp\/v2\/types\/product"}],"wp:featuredmedia":[{"embeddable":true,"href":"https:\/\/www.topbikes.ca\/nicaragua\/wp-json\/wp\/v2\/media\/3599"}],"wp:attachment":[{"href":"https:\/\/www.topbikes.ca\/nicaragua\/wp-json\/wp\/v2\/media?parent=3578"}],"wp:term":[{"taxonomy":"pwb-brand","embeddable":true,"href":"https:\/\/www.topbikes.ca\/nicaragua\/wp-json\/wp\/v2\/pwb-brand?post=3578"},{"taxonomy":"product_cat","embeddable":true,"href":"https:\/\/www.topbikes.ca\/nicaragua\/wp-json\/wp\/v2\/product_cat?post=3578"},{"taxonomy":"product_tag","embeddable":true,"href":"https:\/\/www.topbikes.ca\/nicaragua\/wp-json\/wp\/v2\/product_tag?post=3578"}],"curies":[{"name":"wp","href":"https:\/\/api.w.org\/{rel}","templated":true}]}}