{"id":3593,"date":"2023-11-16T14:28:10","date_gmt":"2023-11-16T20:28:10","guid":{"rendered":"https:\/\/www.topbikes.ca\/nicaragua\/?post_type=product&#038;p=3593"},"modified":"2023-11-16T14:29:01","modified_gmt":"2023-11-16T20:29:01","slug":"cantu","status":"publish","type":"product","link":"https:\/\/www.topbikes.ca\/nicaragua\/producto\/cantu\/","title":{"rendered":"Cantu"},"content":{"rendered":"<p>La manga del brazo Cantu se mantiene como un art\u00edculo indispensable, ya que su tejido el\u00e1stico de lycra se mantiene perfectamente sobre el brazo y brinda una protecci\u00f3n suprema mientras est\u00e1 equipado con protecci\u00f3n solar UV, lo que le permite pedalear c\u00f3modamente durante los calurosos d\u00edas de verano.<\/p>\n","protected":false},"excerpt":{"rendered":"<p>La manga del brazo Cantu se mantiene como un art\u00edculo indispensable, ya que su tejido el\u00e1stico de lycra se mantiene perfectamente sobre el brazo y brinda una protecci\u00f3n suprema mientras est\u00e1 equipado con protecci\u00f3n solar UV, lo que le permite pedalear c\u00f3modamente durante los calurosos d\u00edas de verano.<\/p>\n","protected":false},"featured_media":3602,"template":"","meta":[],"pwb-brand":[92,57],"product_cat":[91,217],"product_tag":[],"brands":[{"id":92,"name":"Equipamiento","slug":"equipamiento"},{"id":57,"name":"Funkier","slug":"funkier"}],"_links":{"self":[{"href":"https:\/\/www.topbikes.ca\/nicaragua\/wp-json\/wp\/v2\/product\/3593"}],"collection":[{"href":"https:\/\/www.topbikes.ca\/nicaragua\/wp-json\/wp\/v2\/product"}],"about":[{"href":"https:\/\/www.topbikes.ca\/nicaragua\/wp-json\/wp\/v2\/types\/product"}],"wp:featuredmedia":[{"embeddable":true,"href":"https:\/\/www.topbikes.ca\/nicaragua\/wp-json\/wp\/v2\/media\/3602"}],"wp:attachment":[{"href":"https:\/\/www.topbikes.ca\/nicaragua\/wp-json\/wp\/v2\/media?parent=3593"}],"wp:term":[{"taxonomy":"pwb-brand","embeddable":true,"href":"https:\/\/www.topbikes.ca\/nicaragua\/wp-json\/wp\/v2\/pwb-brand?post=3593"},{"taxonomy":"product_cat","embeddable":true,"href":"https:\/\/www.topbikes.ca\/nicaragua\/wp-json\/wp\/v2\/product_cat?post=3593"},{"taxonomy":"product_tag","embeddable":true,"href":"https:\/\/www.topbikes.ca\/nicaragua\/wp-json\/wp\/v2\/product_tag?post=3593"}],"curies":[{"name":"wp","href":"https:\/\/api.w.org\/{rel}","templated":true}]}}