{"id":3614,"date":"2023-11-16T14:28:34","date_gmt":"2023-11-16T20:28:34","guid":{"rendered":"https:\/\/www.topbikes.ca\/nicaragua\/?post_type=product&#038;p=3614"},"modified":"2023-11-30T00:00:50","modified_gmt":"2023-11-30T06:00:50","slug":"d-route-26-uranus","status":"publish","type":"product","link":"https:\/\/www.topbikes.ca\/nicaragua\/producto\/d-route-26-uranus\/","title":{"rendered":"D ROUTE 26&#8243; URANUS"},"content":{"rendered":"<p>La D\u00b4Route Uranus es la bicicleta ideal para ir por todo tipo de terreno e iniciar en el ciclismo de aventura, su marco fabricado en aluminio de alto rendimiento, su suspensi\u00f3n delantera y su transmisi\u00f3n con componentes Shimano, hacen de tu salidas un momento lleno de satisfacci\u00f3n y confort.<\/p>\n","protected":false},"excerpt":{"rendered":"<p>La D\u00b4Route Uranus es la bicicleta ideal para ir por todo tipo de terreno e iniciar en el ciclismo de aventura, su marco fabricado en aluminio de alto rendimiento, su suspensi\u00f3n delantera y su transmisi\u00f3n con componentes Shimano, hacen de tu salidas un momento lleno de satisfacci\u00f3n y confort.<\/p>\n","protected":false},"featured_media":3637,"template":"","meta":[],"pwb-brand":[73,124],"product_cat":[34,218],"product_tag":[],"brands":[{"id":73,"name":"Bicicletas","slug":"bicicletas"},{"id":124,"name":"D' ROUTE","slug":"d-route"}],"_links":{"self":[{"href":"https:\/\/www.topbikes.ca\/nicaragua\/wp-json\/wp\/v2\/product\/3614"}],"collection":[{"href":"https:\/\/www.topbikes.ca\/nicaragua\/wp-json\/wp\/v2\/product"}],"about":[{"href":"https:\/\/www.topbikes.ca\/nicaragua\/wp-json\/wp\/v2\/types\/product"}],"wp:featuredmedia":[{"embeddable":true,"href":"https:\/\/www.topbikes.ca\/nicaragua\/wp-json\/wp\/v2\/media\/3637"}],"wp:attachment":[{"href":"https:\/\/www.topbikes.ca\/nicaragua\/wp-json\/wp\/v2\/media?parent=3614"}],"wp:term":[{"taxonomy":"pwb-brand","embeddable":true,"href":"https:\/\/www.topbikes.ca\/nicaragua\/wp-json\/wp\/v2\/pwb-brand?post=3614"},{"taxonomy":"product_cat","embeddable":true,"href":"https:\/\/www.topbikes.ca\/nicaragua\/wp-json\/wp\/v2\/product_cat?post=3614"},{"taxonomy":"product_tag","embeddable":true,"href":"https:\/\/www.topbikes.ca\/nicaragua\/wp-json\/wp\/v2\/product_tag?post=3614"}],"curies":[{"name":"wp","href":"https:\/\/api.w.org\/{rel}","templated":true}]}}