{"id":3619,"date":"2023-11-16T14:28:34","date_gmt":"2023-11-16T20:28:34","guid":{"rendered":"https:\/\/www.topbikes.ca\/nicaragua\/?post_type=product&#038;p=3619"},"modified":"2023-11-16T14:29:11","modified_gmt":"2023-11-16T20:29:11","slug":"gt-bicicleta-sensor-aluminio-29-sport-red-md-29","status":"publish","type":"product","link":"https:\/\/www.topbikes.ca\/nicaragua\/producto\/gt-bicicleta-sensor-aluminio-29-sport-red-md-29\/","title":{"rendered":"GT BICICLETA SENSOR ALUMINIO 29 SPORT RED MD 29"},"content":{"rendered":"<p>La Sensor Sport es una Trail toma senderos moderna dise\u00f1ada para ir r\u00e1pido, soltarse y divertirse. Con suspensi\u00f3n RockShox y un tren de transmisi\u00f3n Shimano, la Sensor Sport es el portal definitivo a un mundo de aventuras sin fin y conocer que tan extremo eres&#8230;<\/p>\n","protected":false},"excerpt":{"rendered":"<p>La Sensor Sport es una Trail toma senderos moderna dise\u00f1ada para ir r\u00e1pido, soltarse y divertirse. Con suspensi\u00f3n RockShox y un tren de transmisi\u00f3n Shimano, la Sensor Sport es el portal definitivo a un mundo de aventuras sin fin y conocer que tan extremo eres&#8230;<\/p>\n","protected":false},"featured_media":3655,"template":"","meta":[],"pwb-brand":[73,60],"product_cat":[34,218],"product_tag":[],"brands":[{"id":73,"name":"Bicicletas","slug":"bicicletas"},{"id":60,"name":"GT","slug":"gt"}],"_links":{"self":[{"href":"https:\/\/www.topbikes.ca\/nicaragua\/wp-json\/wp\/v2\/product\/3619"}],"collection":[{"href":"https:\/\/www.topbikes.ca\/nicaragua\/wp-json\/wp\/v2\/product"}],"about":[{"href":"https:\/\/www.topbikes.ca\/nicaragua\/wp-json\/wp\/v2\/types\/product"}],"wp:featuredmedia":[{"embeddable":true,"href":"https:\/\/www.topbikes.ca\/nicaragua\/wp-json\/wp\/v2\/media\/3655"}],"wp:attachment":[{"href":"https:\/\/www.topbikes.ca\/nicaragua\/wp-json\/wp\/v2\/media?parent=3619"}],"wp:term":[{"taxonomy":"pwb-brand","embeddable":true,"href":"https:\/\/www.topbikes.ca\/nicaragua\/wp-json\/wp\/v2\/pwb-brand?post=3619"},{"taxonomy":"product_cat","embeddable":true,"href":"https:\/\/www.topbikes.ca\/nicaragua\/wp-json\/wp\/v2\/product_cat?post=3619"},{"taxonomy":"product_tag","embeddable":true,"href":"https:\/\/www.topbikes.ca\/nicaragua\/wp-json\/wp\/v2\/product_tag?post=3619"}],"curies":[{"name":"wp","href":"https:\/\/api.w.org\/{rel}","templated":true}]}}