{"id":3633,"date":"2023-11-16T14:28:37","date_gmt":"2023-11-16T20:28:37","guid":{"rendered":"https:\/\/www.topbikes.ca\/nicaragua\/?post_type=product&#038;p=3633"},"modified":"2023-11-30T00:00:52","modified_gmt":"2023-11-30T06:00:52","slug":"unlimited-freno-disco-26-27-5-29","status":"publish","type":"product","link":"https:\/\/www.topbikes.ca\/nicaragua\/producto\/unlimited-freno-disco-26-27-5-29\/","title":{"rendered":"UNLIMITED  FRENO DISCO  26&#8243;-27.5&#8243;-29&#8243;"},"content":{"rendered":"<p>La Bicicleta Unlimited de Shimano es la primera de la serie de aluminio disponible en 3 tama\u00f1os distintos de ruedas para ajustarse a tu tipo de manejo sobre terreno asfaltico o terracerr\u00eda, esta bicicleta te llevar\u00e1 a donde quieras ir ya sea en compa\u00f1ia de tu familia o amigos.<\/p>\n<p>cuenta con una transmisi\u00f3n 3&#215;7 (21 vel.) que te dar\u00e1n la diversidad de cambios de velocidades que necesitas para subir y bajar todas las pendientes que te encuentres entu camino.<\/p>\n","protected":false},"excerpt":{"rendered":"<p>La Bicicleta Unlimited de Shimano es la primera de la serie de aluminio disponible en 3 tama\u00f1os distintos de ruedas para ajustarse a tu tipo de manejo sobre terreno asfaltico o terracerr\u00eda, esta bicicleta te llevar\u00e1 a donde quieras ir ya sea en compa\u00f1ia de tu familia o amigos. cuenta con una transmisi\u00f3n 3&#215;7 (21 [&hellip;]<\/p>\n","protected":false},"featured_media":3659,"template":"","meta":[],"pwb-brand":[73,62],"product_cat":[34,218],"product_tag":[],"brands":[{"id":73,"name":"Bicicletas","slug":"bicicletas"},{"id":62,"name":"Shimano","slug":"shimano"}],"_links":{"self":[{"href":"https:\/\/www.topbikes.ca\/nicaragua\/wp-json\/wp\/v2\/product\/3633"}],"collection":[{"href":"https:\/\/www.topbikes.ca\/nicaragua\/wp-json\/wp\/v2\/product"}],"about":[{"href":"https:\/\/www.topbikes.ca\/nicaragua\/wp-json\/wp\/v2\/types\/product"}],"wp:featuredmedia":[{"embeddable":true,"href":"https:\/\/www.topbikes.ca\/nicaragua\/wp-json\/wp\/v2\/media\/3659"}],"wp:attachment":[{"href":"https:\/\/www.topbikes.ca\/nicaragua\/wp-json\/wp\/v2\/media?parent=3633"}],"wp:term":[{"taxonomy":"pwb-brand","embeddable":true,"href":"https:\/\/www.topbikes.ca\/nicaragua\/wp-json\/wp\/v2\/pwb-brand?post=3633"},{"taxonomy":"product_cat","embeddable":true,"href":"https:\/\/www.topbikes.ca\/nicaragua\/wp-json\/wp\/v2\/product_cat?post=3633"},{"taxonomy":"product_tag","embeddable":true,"href":"https:\/\/www.topbikes.ca\/nicaragua\/wp-json\/wp\/v2\/product_tag?post=3633"}],"curies":[{"name":"wp","href":"https:\/\/api.w.org\/{rel}","templated":true}]}}