{"id":3690,"date":"2023-11-16T14:29:59","date_gmt":"2023-11-16T20:29:59","guid":{"rendered":"https:\/\/www.topbikes.ca\/nicaragua\/?post_type=product&#038;p=3690"},"modified":"2023-11-30T00:00:50","modified_gmt":"2023-11-30T06:00:50","slug":"gt-avalanche-sport","status":"publish","type":"product","link":"https:\/\/www.topbikes.ca\/nicaragua\/producto\/gt-avalanche-sport\/","title":{"rendered":"GT AVALANCHE SPORT"},"content":{"rendered":"<p>La bicicleta GT Avalanche SPORT es la bicicleta hecha para sentir la verdadera libertad al salir a pedalear por los senderos de una monta\u00f1a o por cualquier camino que te lleve a la felicidad. El cuadro de aluminio liviano presenta el dise\u00f1o Triple Triangulo de GT para un manejo preciso, con una transmisi\u00f3n de 2&#215;9 para cambios suaves y simplificados y una horquilla de recorrido de 100 mm para reducir la vibraci\u00f3n del camino y aumentar el control de tracci\u00f3n.<\/p>\n","protected":false},"excerpt":{"rendered":"<p>La bicicleta GT Avalanche SPORT es la bicicleta hecha para sentir la verdadera libertad al salir a pedalear por los senderos de una monta\u00f1a o por cualquier camino que te lleve a la felicidad. El cuadro de aluminio liviano presenta el dise\u00f1o Triple Triangulo de GT para un manejo preciso, con una transmisi\u00f3n de 2&#215;9 [&hellip;]<\/p>\n","protected":false},"featured_media":3733,"template":"","meta":[],"pwb-brand":[73,60],"product_cat":[34,218],"product_tag":[87,131],"brands":[{"id":73,"name":"Bicicletas","slug":"bicicletas"},{"id":60,"name":"GT","slug":"gt"}],"_links":{"self":[{"href":"https:\/\/www.topbikes.ca\/nicaragua\/wp-json\/wp\/v2\/product\/3690"}],"collection":[{"href":"https:\/\/www.topbikes.ca\/nicaragua\/wp-json\/wp\/v2\/product"}],"about":[{"href":"https:\/\/www.topbikes.ca\/nicaragua\/wp-json\/wp\/v2\/types\/product"}],"wp:featuredmedia":[{"embeddable":true,"href":"https:\/\/www.topbikes.ca\/nicaragua\/wp-json\/wp\/v2\/media\/3733"}],"wp:attachment":[{"href":"https:\/\/www.topbikes.ca\/nicaragua\/wp-json\/wp\/v2\/media?parent=3690"}],"wp:term":[{"taxonomy":"pwb-brand","embeddable":true,"href":"https:\/\/www.topbikes.ca\/nicaragua\/wp-json\/wp\/v2\/pwb-brand?post=3690"},{"taxonomy":"product_cat","embeddable":true,"href":"https:\/\/www.topbikes.ca\/nicaragua\/wp-json\/wp\/v2\/product_cat?post=3690"},{"taxonomy":"product_tag","embeddable":true,"href":"https:\/\/www.topbikes.ca\/nicaragua\/wp-json\/wp\/v2\/product_tag?post=3690"}],"curies":[{"name":"wp","href":"https:\/\/api.w.org\/{rel}","templated":true}]}}