{"id":3692,"date":"2023-11-16T14:30:00","date_gmt":"2023-11-16T20:30:00","guid":{"rendered":"https:\/\/www.topbikes.ca\/nicaragua\/?post_type=product&#038;p=3692"},"modified":"2023-11-30T00:00:50","modified_gmt":"2023-11-30T06:00:50","slug":"gt-aggressor-sport","status":"publish","type":"product","link":"https:\/\/www.topbikes.ca\/nicaragua\/producto\/gt-aggressor-sport\/","title":{"rendered":"GT AGGRESSOR SPORT"},"content":{"rendered":"<p>Cada d\u00eda es una nueva aventura con la Aggressor Sport, nuestra bicicleta r\u00edgida m\u00e1s amigable con el todoterreno para ciclistas de monta\u00f1a recreativos que buscan lo mejor en valor, versatilidad y rendimiento.\u00a0Una horquilla delantera Suntour de 80 mm, absorbiendo los golpes en el camino de terracer\u00eda o la ciudad, cuenta con una transmisi\u00f3n de 21 velocidades<\/p>\n","protected":false},"excerpt":{"rendered":"<p>Cada d\u00eda es una nueva aventura con la Aggressor Sport, nuestra bicicleta r\u00edgida m\u00e1s amigable con el todoterreno para ciclistas de monta\u00f1a recreativos que buscan lo mejor en valor, versatilidad y rendimiento.\u00a0Una horquilla delantera Suntour de 80 mm, absorbiendo los golpes en el camino de terracer\u00eda o la ciudad, cuenta con una transmisi\u00f3n de 21 [&hellip;]<\/p>\n","protected":false},"featured_media":3735,"template":"","meta":[],"pwb-brand":[60],"product_cat":[218],"product_tag":[132,131],"brands":[{"id":60,"name":"GT","slug":"gt"}],"_links":{"self":[{"href":"https:\/\/www.topbikes.ca\/nicaragua\/wp-json\/wp\/v2\/product\/3692"}],"collection":[{"href":"https:\/\/www.topbikes.ca\/nicaragua\/wp-json\/wp\/v2\/product"}],"about":[{"href":"https:\/\/www.topbikes.ca\/nicaragua\/wp-json\/wp\/v2\/types\/product"}],"wp:featuredmedia":[{"embeddable":true,"href":"https:\/\/www.topbikes.ca\/nicaragua\/wp-json\/wp\/v2\/media\/3735"}],"wp:attachment":[{"href":"https:\/\/www.topbikes.ca\/nicaragua\/wp-json\/wp\/v2\/media?parent=3692"}],"wp:term":[{"taxonomy":"pwb-brand","embeddable":true,"href":"https:\/\/www.topbikes.ca\/nicaragua\/wp-json\/wp\/v2\/pwb-brand?post=3692"},{"taxonomy":"product_cat","embeddable":true,"href":"https:\/\/www.topbikes.ca\/nicaragua\/wp-json\/wp\/v2\/product_cat?post=3692"},{"taxonomy":"product_tag","embeddable":true,"href":"https:\/\/www.topbikes.ca\/nicaragua\/wp-json\/wp\/v2\/product_tag?post=3692"}],"curies":[{"name":"wp","href":"https:\/\/api.w.org\/{rel}","templated":true}]}}