{"id":3750,"date":"2023-11-16T14:30:50","date_gmt":"2023-11-16T20:30:50","guid":{"rendered":"https:\/\/www.topbikes.ca\/nicaragua\/?post_type=product&#038;p=3750"},"modified":"2023-11-16T14:32:27","modified_gmt":"2023-11-16T20:32:27","slug":"droute-mars-para-nino-20","status":"publish","type":"product","link":"https:\/\/www.topbikes.ca\/nicaragua\/producto\/droute-mars-para-nino-20\/","title":{"rendered":"D\u00b4ROUTE MARS PARA NI\u00d1O 20&#8243;"},"content":{"rendered":"<p>La D\u00b4Route Mars es la bicicleta de los peque\u00f1os grandes campeones del MTB, es una bicicleta con la que los peque\u00f1os tendr\u00e1n aventuras y ganar\u00e1n sus primeras carreras.<\/p>\n","protected":false},"excerpt":{"rendered":"<p>La D\u00b4Route Mars es la bicicleta de los peque\u00f1os grandes campeones del MTB, es una bicicleta con la que los peque\u00f1os tendr\u00e1n aventuras y ganar\u00e1n sus primeras carreras.<\/p>\n","protected":false},"featured_media":3801,"template":"","meta":[],"pwb-brand":[124],"product_cat":[202],"product_tag":[150,151,152],"brands":[{"id":124,"name":"D' ROUTE","slug":"d-route"}],"_links":{"self":[{"href":"https:\/\/www.topbikes.ca\/nicaragua\/wp-json\/wp\/v2\/product\/3750"}],"collection":[{"href":"https:\/\/www.topbikes.ca\/nicaragua\/wp-json\/wp\/v2\/product"}],"about":[{"href":"https:\/\/www.topbikes.ca\/nicaragua\/wp-json\/wp\/v2\/types\/product"}],"wp:featuredmedia":[{"embeddable":true,"href":"https:\/\/www.topbikes.ca\/nicaragua\/wp-json\/wp\/v2\/media\/3801"}],"wp:attachment":[{"href":"https:\/\/www.topbikes.ca\/nicaragua\/wp-json\/wp\/v2\/media?parent=3750"}],"wp:term":[{"taxonomy":"pwb-brand","embeddable":true,"href":"https:\/\/www.topbikes.ca\/nicaragua\/wp-json\/wp\/v2\/pwb-brand?post=3750"},{"taxonomy":"product_cat","embeddable":true,"href":"https:\/\/www.topbikes.ca\/nicaragua\/wp-json\/wp\/v2\/product_cat?post=3750"},{"taxonomy":"product_tag","embeddable":true,"href":"https:\/\/www.topbikes.ca\/nicaragua\/wp-json\/wp\/v2\/product_tag?post=3750"}],"curies":[{"name":"wp","href":"https:\/\/api.w.org\/{rel}","templated":true}]}}