{"id":3771,"date":"2023-11-16T14:31:39","date_gmt":"2023-11-16T20:31:39","guid":{"rendered":"https:\/\/www.topbikes.ca\/nicaragua\/?post_type=product&#038;p=3771"},"modified":"2023-11-16T14:32:58","modified_gmt":"2023-11-16T20:32:58","slug":"bicicleta-lynx-titan","status":"publish","type":"product","link":"https:\/\/www.topbikes.ca\/nicaragua\/producto\/bicicleta-lynx-titan\/","title":{"rendered":"BICICLETA LYNX TITAN"},"content":{"rendered":"<p>La bicicleta LYNX TIT\u00c1N es la bicicleta que expande la imaginaci\u00f3n de los mas peque\u00f1os de la casa y contribuye con el desarrollo de sus habilidades en un deporte tan completo como lo es el ciclismo.<\/p>\n","protected":false},"excerpt":{"rendered":"<p>La bicicleta LYNX TIT\u00c1N es la bicicleta que expande la imaginaci\u00f3n de los mas peque\u00f1os de la casa y contribuye con el desarrollo de sus habilidades en un deporte tan completo como lo es el ciclismo.<\/p>\n","protected":false},"featured_media":3812,"template":"","meta":[],"pwb-brand":[153],"product_cat":[34,202],"product_tag":[],"brands":[{"id":153,"name":"LINX","slug":"linx"}],"_links":{"self":[{"href":"https:\/\/www.topbikes.ca\/nicaragua\/wp-json\/wp\/v2\/product\/3771"}],"collection":[{"href":"https:\/\/www.topbikes.ca\/nicaragua\/wp-json\/wp\/v2\/product"}],"about":[{"href":"https:\/\/www.topbikes.ca\/nicaragua\/wp-json\/wp\/v2\/types\/product"}],"wp:featuredmedia":[{"embeddable":true,"href":"https:\/\/www.topbikes.ca\/nicaragua\/wp-json\/wp\/v2\/media\/3812"}],"wp:attachment":[{"href":"https:\/\/www.topbikes.ca\/nicaragua\/wp-json\/wp\/v2\/media?parent=3771"}],"wp:term":[{"taxonomy":"pwb-brand","embeddable":true,"href":"https:\/\/www.topbikes.ca\/nicaragua\/wp-json\/wp\/v2\/pwb-brand?post=3771"},{"taxonomy":"product_cat","embeddable":true,"href":"https:\/\/www.topbikes.ca\/nicaragua\/wp-json\/wp\/v2\/product_cat?post=3771"},{"taxonomy":"product_tag","embeddable":true,"href":"https:\/\/www.topbikes.ca\/nicaragua\/wp-json\/wp\/v2\/product_tag?post=3771"}],"curies":[{"name":"wp","href":"https:\/\/api.w.org\/{rel}","templated":true}]}}