{"id":3776,"date":"2023-11-16T14:31:39","date_gmt":"2023-11-16T20:31:39","guid":{"rendered":"https:\/\/www.topbikes.ca\/nicaragua\/?post_type=product&#038;p=3776"},"modified":"2023-11-30T00:00:50","modified_gmt":"2023-11-30T06:00:50","slug":"bicicleta-lynx-magic","status":"publish","type":"product","link":"https:\/\/www.topbikes.ca\/nicaragua\/producto\/bicicleta-lynx-magic\/","title":{"rendered":"BICICLETA LYNX MAGIC"},"content":{"rendered":"<p>La bicicleta LYNX MAGIC es la ideal para las princesas de la casa, su dise\u00f1o y sus colores les encantaran. Con esta bicicleta tendr\u00e1n su primera experiencia de movilidad y lo mejor es que lo har\u00e1 acompa\u00f1ada de algunas de sus mu\u00f1ecas favoritas.<\/p>\n","protected":false},"excerpt":{"rendered":"<p>La bicicleta LYNX MAGIC es la ideal para las princesas de la casa, su dise\u00f1o y sus colores les encantaran. Con esta bicicleta tendr\u00e1n su primera experiencia de movilidad y lo mejor es que lo har\u00e1 acompa\u00f1ada de algunas de sus mu\u00f1ecas favoritas.<\/p>\n","protected":false},"featured_media":3814,"template":"","meta":[],"pwb-brand":[153],"product_cat":[34,202],"product_tag":[],"brands":[{"id":153,"name":"LINX","slug":"linx"}],"_links":{"self":[{"href":"https:\/\/www.topbikes.ca\/nicaragua\/wp-json\/wp\/v2\/product\/3776"}],"collection":[{"href":"https:\/\/www.topbikes.ca\/nicaragua\/wp-json\/wp\/v2\/product"}],"about":[{"href":"https:\/\/www.topbikes.ca\/nicaragua\/wp-json\/wp\/v2\/types\/product"}],"wp:featuredmedia":[{"embeddable":true,"href":"https:\/\/www.topbikes.ca\/nicaragua\/wp-json\/wp\/v2\/media\/3814"}],"wp:attachment":[{"href":"https:\/\/www.topbikes.ca\/nicaragua\/wp-json\/wp\/v2\/media?parent=3776"}],"wp:term":[{"taxonomy":"pwb-brand","embeddable":true,"href":"https:\/\/www.topbikes.ca\/nicaragua\/wp-json\/wp\/v2\/pwb-brand?post=3776"},{"taxonomy":"product_cat","embeddable":true,"href":"https:\/\/www.topbikes.ca\/nicaragua\/wp-json\/wp\/v2\/product_cat?post=3776"},{"taxonomy":"product_tag","embeddable":true,"href":"https:\/\/www.topbikes.ca\/nicaragua\/wp-json\/wp\/v2\/product_tag?post=3776"}],"curies":[{"name":"wp","href":"https:\/\/api.w.org\/{rel}","templated":true}]}}