{"id":3788,"date":"2023-11-16T14:32:02","date_gmt":"2023-11-16T20:32:02","guid":{"rendered":"https:\/\/www.topbikes.ca\/nicaragua\/?post_type=product&#038;p=3788"},"modified":"2023-11-16T14:32:46","modified_gmt":"2023-11-16T20:32:46","slug":"casco-para-nino-avoir-fh-014-red-fire-xs","status":"publish","type":"product","link":"https:\/\/www.topbikes.ca\/nicaragua\/producto\/casco-para-nino-avoir-fh-014-red-fire-xs\/","title":{"rendered":"CASCO  PARA NI\u00d1O AVOIR  FH-014  RED FIRE  XS"},"content":{"rendered":"<p>El casco Avior de Funkier es el casco para los mas peque\u00f1os que cumple con las certificaciones de seguridad de los cascos que utilizan los profesionales, es excelente para ense\u00f1arles a los ni\u00f1os la importancia de la seguridad sobre la bicicleta.<\/p>\n","protected":false},"excerpt":{"rendered":"<p>El casco Avior de Funkier es el casco para los mas peque\u00f1os que cumple con las certificaciones de seguridad de los cascos que utilizan los profesionales, es excelente para ense\u00f1arles a los ni\u00f1os la importancia de la seguridad sobre la bicicleta.<\/p>\n","protected":false},"featured_media":3816,"template":"","meta":[],"pwb-brand":[57],"product_cat":[222,91],"product_tag":[154,152],"brands":[{"id":57,"name":"Funkier","slug":"funkier"}],"_links":{"self":[{"href":"https:\/\/www.topbikes.ca\/nicaragua\/wp-json\/wp\/v2\/product\/3788"}],"collection":[{"href":"https:\/\/www.topbikes.ca\/nicaragua\/wp-json\/wp\/v2\/product"}],"about":[{"href":"https:\/\/www.topbikes.ca\/nicaragua\/wp-json\/wp\/v2\/types\/product"}],"wp:featuredmedia":[{"embeddable":true,"href":"https:\/\/www.topbikes.ca\/nicaragua\/wp-json\/wp\/v2\/media\/3816"}],"wp:attachment":[{"href":"https:\/\/www.topbikes.ca\/nicaragua\/wp-json\/wp\/v2\/media?parent=3788"}],"wp:term":[{"taxonomy":"pwb-brand","embeddable":true,"href":"https:\/\/www.topbikes.ca\/nicaragua\/wp-json\/wp\/v2\/pwb-brand?post=3788"},{"taxonomy":"product_cat","embeddable":true,"href":"https:\/\/www.topbikes.ca\/nicaragua\/wp-json\/wp\/v2\/product_cat?post=3788"},{"taxonomy":"product_tag","embeddable":true,"href":"https:\/\/www.topbikes.ca\/nicaragua\/wp-json\/wp\/v2\/product_tag?post=3788"}],"curies":[{"name":"wp","href":"https:\/\/api.w.org\/{rel}","templated":true}]}}