{"id":3790,"date":"2023-11-16T14:32:03","date_gmt":"2023-11-16T20:32:03","guid":{"rendered":"https:\/\/www.topbikes.ca\/nicaragua\/?post_type=product&#038;p=3790"},"modified":"2023-11-16T14:32:48","modified_gmt":"2023-11-16T20:32:48","slug":"rack-3-bicicletas-adaptable-a-varios-vehiculos-max-50kg-modelo-02-qc","status":"publish","type":"product","link":"https:\/\/www.topbikes.ca\/nicaragua\/producto\/rack-3-bicicletas-adaptable-a-varios-vehiculos-max-50kg-modelo-02-qc\/","title":{"rendered":"RACK 3 BICICLETAS ADAPTABLE A VARIOS VEHICULOS       MAX 50KG.  MODELO .02-QC"},"content":{"rendered":"<p>Con este rack portabicicletas, podr\u00e1s llevar a tu compa\u00f1era de aventuras a los paisajes que siempre has querido, se adapta a varios tipos de veh\u00edculo y puedes llevar hasta 3 bicicletas * tomar en cuenta que el peso maximo que soporta es de 50 kg.<\/p>\n","protected":false},"excerpt":{"rendered":"<p>Con este rack portabicicletas, podr\u00e1s llevar a tu compa\u00f1era de aventuras a los paisajes que siempre has querido, se adapta a varios tipos de veh\u00edculo y puedes llevar hasta 3 bicicletas * tomar en cuenta que el peso maximo que soporta es de 50 kg.<\/p>\n","protected":false},"featured_media":3818,"template":"","meta":[],"pwb-brand":[83],"product_cat":[225],"product_tag":[155,156,157],"brands":[{"id":83,"name":"Accesorios","slug":"accesorios"}],"_links":{"self":[{"href":"https:\/\/www.topbikes.ca\/nicaragua\/wp-json\/wp\/v2\/product\/3790"}],"collection":[{"href":"https:\/\/www.topbikes.ca\/nicaragua\/wp-json\/wp\/v2\/product"}],"about":[{"href":"https:\/\/www.topbikes.ca\/nicaragua\/wp-json\/wp\/v2\/types\/product"}],"wp:featuredmedia":[{"embeddable":true,"href":"https:\/\/www.topbikes.ca\/nicaragua\/wp-json\/wp\/v2\/media\/3818"}],"wp:attachment":[{"href":"https:\/\/www.topbikes.ca\/nicaragua\/wp-json\/wp\/v2\/media?parent=3790"}],"wp:term":[{"taxonomy":"pwb-brand","embeddable":true,"href":"https:\/\/www.topbikes.ca\/nicaragua\/wp-json\/wp\/v2\/pwb-brand?post=3790"},{"taxonomy":"product_cat","embeddable":true,"href":"https:\/\/www.topbikes.ca\/nicaragua\/wp-json\/wp\/v2\/product_cat?post=3790"},{"taxonomy":"product_tag","embeddable":true,"href":"https:\/\/www.topbikes.ca\/nicaragua\/wp-json\/wp\/v2\/product_tag?post=3790"}],"curies":[{"name":"wp","href":"https:\/\/api.w.org\/{rel}","templated":true}]}}