{"id":3791,"date":"2023-11-16T14:32:03","date_gmt":"2023-11-16T20:32:03","guid":{"rendered":"https:\/\/www.topbikes.ca\/nicaragua\/?post_type=product&#038;p=3791"},"modified":"2023-11-30T00:00:51","modified_gmt":"2023-11-30T06:00:51","slug":"droute-neptune","status":"publish","type":"product","link":"https:\/\/www.topbikes.ca\/nicaragua\/producto\/droute-neptune\/","title":{"rendered":"D\u00b4ROUTE NEPTUNE"},"content":{"rendered":"<p>La bicicleta D\u00b4Route Neptune es una bicicleta para monta\u00f1a tipo Trail que puede acopa\u00f1arte en tus primeras aventuras en la monta\u00f1a, tambien puede utilizarse en ciclismo recreacional sobre todo tipo de terrenos.<\/p>\n","protected":false},"excerpt":{"rendered":"<p>La bicicleta D\u00b4Route Neptune es una bicicleta para monta\u00f1a tipo Trail que puede acopa\u00f1arte en tus primeras aventuras en la monta\u00f1a, tambien puede utilizarse en ciclismo recreacional sobre todo tipo de terrenos.<\/p>\n","protected":false},"featured_media":3819,"template":"","meta":[],"pwb-brand":[73,124],"product_cat":[34,218],"product_tag":[151,159,160],"brands":[{"id":73,"name":"Bicicletas","slug":"bicicletas"},{"id":124,"name":"D' ROUTE","slug":"d-route"}],"_links":{"self":[{"href":"https:\/\/www.topbikes.ca\/nicaragua\/wp-json\/wp\/v2\/product\/3791"}],"collection":[{"href":"https:\/\/www.topbikes.ca\/nicaragua\/wp-json\/wp\/v2\/product"}],"about":[{"href":"https:\/\/www.topbikes.ca\/nicaragua\/wp-json\/wp\/v2\/types\/product"}],"wp:featuredmedia":[{"embeddable":true,"href":"https:\/\/www.topbikes.ca\/nicaragua\/wp-json\/wp\/v2\/media\/3819"}],"wp:attachment":[{"href":"https:\/\/www.topbikes.ca\/nicaragua\/wp-json\/wp\/v2\/media?parent=3791"}],"wp:term":[{"taxonomy":"pwb-brand","embeddable":true,"href":"https:\/\/www.topbikes.ca\/nicaragua\/wp-json\/wp\/v2\/pwb-brand?post=3791"},{"taxonomy":"product_cat","embeddable":true,"href":"https:\/\/www.topbikes.ca\/nicaragua\/wp-json\/wp\/v2\/product_cat?post=3791"},{"taxonomy":"product_tag","embeddable":true,"href":"https:\/\/www.topbikes.ca\/nicaragua\/wp-json\/wp\/v2\/product_tag?post=3791"}],"curies":[{"name":"wp","href":"https:\/\/api.w.org\/{rel}","templated":true}]}}