{"id":3865,"date":"2023-11-16T14:33:51","date_gmt":"2023-11-16T20:33:51","guid":{"rendered":"https:\/\/www.topbikes.ca\/nicaragua\/?post_type=product&#038;p=3865"},"modified":"2023-11-16T14:34:22","modified_gmt":"2023-11-16T20:34:22","slug":"porta-anfora-sks-velocage","status":"publish","type":"product","link":"https:\/\/www.topbikes.ca\/nicaragua\/producto\/porta-anfora-sks-velocage\/","title":{"rendered":"PORTA ANFORA SKS VELOCAGE"},"content":{"rendered":"<p>El porta pach\u00f3n SKS sabe que la mejor forma de estar simpre hidratado es llevar contigo siempre un pach\u00f3n, bid\u00f3n, anfora o botella. como sea que le llames, solo los SKS con tecnolog\u00eda alemana sabe cuidar de ti.<\/p>\n","protected":false},"excerpt":{"rendered":"<p>El porta pach\u00f3n SKS sabe que la mejor forma de estar simpre hidratado es llevar contigo siempre un pach\u00f3n, bid\u00f3n, anfora o botella. como sea que le llames, solo los SKS con tecnolog\u00eda alemana sabe cuidar de ti.<\/p>\n","protected":false},"featured_media":3908,"template":"","meta":[],"pwb-brand":[83,64],"product_cat":[35,209],"product_tag":[],"brands":[{"id":83,"name":"Accesorios","slug":"accesorios"},{"id":64,"name":"SKS","slug":"sks"}],"_links":{"self":[{"href":"https:\/\/www.topbikes.ca\/nicaragua\/wp-json\/wp\/v2\/product\/3865"}],"collection":[{"href":"https:\/\/www.topbikes.ca\/nicaragua\/wp-json\/wp\/v2\/product"}],"about":[{"href":"https:\/\/www.topbikes.ca\/nicaragua\/wp-json\/wp\/v2\/types\/product"}],"wp:featuredmedia":[{"embeddable":true,"href":"https:\/\/www.topbikes.ca\/nicaragua\/wp-json\/wp\/v2\/media\/3908"}],"wp:attachment":[{"href":"https:\/\/www.topbikes.ca\/nicaragua\/wp-json\/wp\/v2\/media?parent=3865"}],"wp:term":[{"taxonomy":"pwb-brand","embeddable":true,"href":"https:\/\/www.topbikes.ca\/nicaragua\/wp-json\/wp\/v2\/pwb-brand?post=3865"},{"taxonomy":"product_cat","embeddable":true,"href":"https:\/\/www.topbikes.ca\/nicaragua\/wp-json\/wp\/v2\/product_cat?post=3865"},{"taxonomy":"product_tag","embeddable":true,"href":"https:\/\/www.topbikes.ca\/nicaragua\/wp-json\/wp\/v2\/product_tag?post=3865"}],"curies":[{"name":"wp","href":"https:\/\/api.w.org\/{rel}","templated":true}]}}