{"id":3870,"date":"2023-11-16T14:33:52","date_gmt":"2023-11-16T20:33:52","guid":{"rendered":"https:\/\/www.topbikes.ca\/nicaragua\/?post_type=product&#038;p=3870"},"modified":"2023-11-16T14:39:39","modified_gmt":"2023-11-16T20:39:39","slug":"short-hombre-baggy-policoronegro","status":"publish","type":"product","link":"https:\/\/www.topbikes.ca\/nicaragua\/producto\/short-hombre-baggy-policoronegro\/","title":{"rendered":"SHORT HOMBRE BAGGY POLICORONEGRO"},"content":{"rendered":"<p><strong>El pantal\u00f3n holgado Policoro<\/strong>\u00a0de nivel activo\u00a0es tu pantal\u00f3n corto holgado de todos los d\u00edas que puede acompa\u00f1arte durante todo el d\u00eda, desde tu viaje matutino o paseo por el sendero hasta el c\u00f3modo nailon resistente al agua y una variedad de bolsillos y opciones de almacenamiento para todos tus objetos de valor.\u00a0Lo mantendr\u00e1 actualizado con estilo, comodidad y flexibilidad para todas sus necesidades.<\/p>\n","protected":false},"excerpt":{"rendered":"<p>El pantal\u00f3n holgado Policoro\u00a0de nivel activo\u00a0es tu pantal\u00f3n corto holgado de todos los d\u00edas que puede acompa\u00f1arte durante todo el d\u00eda, desde tu viaje matutino o paseo por el sendero hasta el c\u00f3modo nailon resistente al agua y una variedad de bolsillos y opciones de almacenamiento para todos tus objetos de valor.\u00a0Lo mantendr\u00e1 actualizado con [&hellip;]<\/p>\n","protected":false},"featured_media":3913,"template":"","meta":[],"pwb-brand":[92,57],"product_cat":[91,217],"product_tag":[],"brands":[{"id":92,"name":"Equipamiento","slug":"equipamiento"},{"id":57,"name":"Funkier","slug":"funkier"}],"_links":{"self":[{"href":"https:\/\/www.topbikes.ca\/nicaragua\/wp-json\/wp\/v2\/product\/3870"}],"collection":[{"href":"https:\/\/www.topbikes.ca\/nicaragua\/wp-json\/wp\/v2\/product"}],"about":[{"href":"https:\/\/www.topbikes.ca\/nicaragua\/wp-json\/wp\/v2\/types\/product"}],"wp:featuredmedia":[{"embeddable":true,"href":"https:\/\/www.topbikes.ca\/nicaragua\/wp-json\/wp\/v2\/media\/3913"}],"wp:attachment":[{"href":"https:\/\/www.topbikes.ca\/nicaragua\/wp-json\/wp\/v2\/media?parent=3870"}],"wp:term":[{"taxonomy":"pwb-brand","embeddable":true,"href":"https:\/\/www.topbikes.ca\/nicaragua\/wp-json\/wp\/v2\/pwb-brand?post=3870"},{"taxonomy":"product_cat","embeddable":true,"href":"https:\/\/www.topbikes.ca\/nicaragua\/wp-json\/wp\/v2\/product_cat?post=3870"},{"taxonomy":"product_tag","embeddable":true,"href":"https:\/\/www.topbikes.ca\/nicaragua\/wp-json\/wp\/v2\/product_tag?post=3870"}],"curies":[{"name":"wp","href":"https:\/\/api.w.org\/{rel}","templated":true}]}}