{"id":3872,"date":"2023-11-16T14:33:52","date_gmt":"2023-11-16T20:33:52","guid":{"rendered":"https:\/\/www.topbikes.ca\/nicaragua\/?post_type=product&#038;p=3872"},"modified":"2023-11-16T14:39:28","modified_gmt":"2023-11-16T20:39:28","slug":"licra-hombre-catania","status":"publish","type":"product","link":"https:\/\/www.topbikes.ca\/nicaragua\/producto\/licra-hombre-catania\/","title":{"rendered":"LICRA HOMBRE CATANIA"},"content":{"rendered":"<p>La licra Catania de Funkier est\u00e1 pensada para ciclistas que no dejar\u00e1n pasar una sola oportunidad para andar en bicicleta al aire libre. El ciclismo es una disciplina y los ciclistas deben tener una variedad de ropa que no solo cubra las nescesidades b\u00e1sicas sino que les de las mejores prestacione. La licra de hombre Catania cuenta con un ajuste el\u00e1stico que lo hace extremadamente c\u00f3modo. Este es el tipo de licra que se mueve contigo, dondequiera que vayas y en cualquier condici\u00f3n clim\u00e1tica.<\/p>\n","protected":false},"excerpt":{"rendered":"<p>La licra Catania de Funkier est\u00e1 pensada para ciclistas que no dejar\u00e1n pasar una sola oportunidad para andar en bicicleta al aire libre. El ciclismo es una disciplina y los ciclistas deben tener una variedad de ropa que no solo cubra las nescesidades b\u00e1sicas sino que les de las mejores prestacione. La licra de hombre [&hellip;]<\/p>\n","protected":false},"featured_media":3924,"template":"","meta":[],"pwb-brand":[92,57],"product_cat":[91,217],"product_tag":[],"brands":[{"id":92,"name":"Equipamiento","slug":"equipamiento"},{"id":57,"name":"Funkier","slug":"funkier"}],"_links":{"self":[{"href":"https:\/\/www.topbikes.ca\/nicaragua\/wp-json\/wp\/v2\/product\/3872"}],"collection":[{"href":"https:\/\/www.topbikes.ca\/nicaragua\/wp-json\/wp\/v2\/product"}],"about":[{"href":"https:\/\/www.topbikes.ca\/nicaragua\/wp-json\/wp\/v2\/types\/product"}],"wp:featuredmedia":[{"embeddable":true,"href":"https:\/\/www.topbikes.ca\/nicaragua\/wp-json\/wp\/v2\/media\/3924"}],"wp:attachment":[{"href":"https:\/\/www.topbikes.ca\/nicaragua\/wp-json\/wp\/v2\/media?parent=3872"}],"wp:term":[{"taxonomy":"pwb-brand","embeddable":true,"href":"https:\/\/www.topbikes.ca\/nicaragua\/wp-json\/wp\/v2\/pwb-brand?post=3872"},{"taxonomy":"product_cat","embeddable":true,"href":"https:\/\/www.topbikes.ca\/nicaragua\/wp-json\/wp\/v2\/product_cat?post=3872"},{"taxonomy":"product_tag","embeddable":true,"href":"https:\/\/www.topbikes.ca\/nicaragua\/wp-json\/wp\/v2\/product_tag?post=3872"}],"curies":[{"name":"wp","href":"https:\/\/api.w.org\/{rel}","templated":true}]}}