{"id":3876,"date":"2023-11-16T14:33:53","date_gmt":"2023-11-16T20:33:53","guid":{"rendered":"https:\/\/www.topbikes.ca\/nicaragua\/?post_type=product&#038;p=3876"},"modified":"2023-11-30T00:00:52","modified_gmt":"2023-11-30T06:00:52","slug":"lynx-nino-20","status":"publish","type":"product","link":"https:\/\/www.topbikes.ca\/nicaragua\/producto\/lynx-nino-20\/","title":{"rendered":"LYNX NI\u00d1O #20"},"content":{"rendered":"<p>La bicicleta Lynx de ni\u00f1o acompa\u00f1a a los peque\u00f1os de la casa en sus aventruras diarias, siendo una bicicleta resistente y durable con los dise\u00f1os que prefieren los mas peque\u00f1os campeones.<\/p>\n","protected":false},"excerpt":{"rendered":"<p>La bicicleta Lynx de ni\u00f1o acompa\u00f1a a los peque\u00f1os de la casa en sus aventruras diarias, siendo una bicicleta resistente y durable con los dise\u00f1os que prefieren los mas peque\u00f1os campeones.<\/p>\n","protected":false},"featured_media":3925,"template":"","meta":[],"pwb-brand":[73,153],"product_cat":[34,202],"product_tag":[],"brands":[{"id":73,"name":"Bicicletas","slug":"bicicletas"},{"id":153,"name":"LINX","slug":"linx"}],"_links":{"self":[{"href":"https:\/\/www.topbikes.ca\/nicaragua\/wp-json\/wp\/v2\/product\/3876"}],"collection":[{"href":"https:\/\/www.topbikes.ca\/nicaragua\/wp-json\/wp\/v2\/product"}],"about":[{"href":"https:\/\/www.topbikes.ca\/nicaragua\/wp-json\/wp\/v2\/types\/product"}],"wp:featuredmedia":[{"embeddable":true,"href":"https:\/\/www.topbikes.ca\/nicaragua\/wp-json\/wp\/v2\/media\/3925"}],"wp:attachment":[{"href":"https:\/\/www.topbikes.ca\/nicaragua\/wp-json\/wp\/v2\/media?parent=3876"}],"wp:term":[{"taxonomy":"pwb-brand","embeddable":true,"href":"https:\/\/www.topbikes.ca\/nicaragua\/wp-json\/wp\/v2\/pwb-brand?post=3876"},{"taxonomy":"product_cat","embeddable":true,"href":"https:\/\/www.topbikes.ca\/nicaragua\/wp-json\/wp\/v2\/product_cat?post=3876"},{"taxonomy":"product_tag","embeddable":true,"href":"https:\/\/www.topbikes.ca\/nicaragua\/wp-json\/wp\/v2\/product_tag?post=3876"}],"curies":[{"name":"wp","href":"https:\/\/api.w.org\/{rel}","templated":true}]}}