{"id":3877,"date":"2023-11-16T14:33:53","date_gmt":"2023-11-16T20:33:53","guid":{"rendered":"https:\/\/www.topbikes.ca\/nicaragua\/?post_type=product&#038;p=3877"},"modified":"2023-11-30T00:00:51","modified_gmt":"2023-11-30T06:00:51","slug":"lynx-nina-20","status":"publish","type":"product","link":"https:\/\/www.topbikes.ca\/nicaragua\/producto\/lynx-nina-20\/","title":{"rendered":"LYNX NI\u00d1A #20"},"content":{"rendered":"<p>La bicicleta Lynx para ni\u00f1a es la del dise\u00f1o y los colores favoritos de las princesas de la casa, pueden tener un paseo confortable y divertido gracias al dise\u00f1o del marco especialmente pensado para ellas.<\/p>\n","protected":false},"excerpt":{"rendered":"<p>La bicicleta Lynx para ni\u00f1a es la del dise\u00f1o y los colores favoritos de las princesas de la casa, pueden tener un paseo confortable y divertido gracias al dise\u00f1o del marco especialmente pensado para ellas.<\/p>\n","protected":false},"featured_media":3927,"template":"","meta":[],"pwb-brand":[73,153],"product_cat":[34,202],"product_tag":[],"brands":[{"id":73,"name":"Bicicletas","slug":"bicicletas"},{"id":153,"name":"LINX","slug":"linx"}],"_links":{"self":[{"href":"https:\/\/www.topbikes.ca\/nicaragua\/wp-json\/wp\/v2\/product\/3877"}],"collection":[{"href":"https:\/\/www.topbikes.ca\/nicaragua\/wp-json\/wp\/v2\/product"}],"about":[{"href":"https:\/\/www.topbikes.ca\/nicaragua\/wp-json\/wp\/v2\/types\/product"}],"wp:featuredmedia":[{"embeddable":true,"href":"https:\/\/www.topbikes.ca\/nicaragua\/wp-json\/wp\/v2\/media\/3927"}],"wp:attachment":[{"href":"https:\/\/www.topbikes.ca\/nicaragua\/wp-json\/wp\/v2\/media?parent=3877"}],"wp:term":[{"taxonomy":"pwb-brand","embeddable":true,"href":"https:\/\/www.topbikes.ca\/nicaragua\/wp-json\/wp\/v2\/pwb-brand?post=3877"},{"taxonomy":"product_cat","embeddable":true,"href":"https:\/\/www.topbikes.ca\/nicaragua\/wp-json\/wp\/v2\/product_cat?post=3877"},{"taxonomy":"product_tag","embeddable":true,"href":"https:\/\/www.topbikes.ca\/nicaragua\/wp-json\/wp\/v2\/product_tag?post=3877"}],"curies":[{"name":"wp","href":"https:\/\/api.w.org\/{rel}","templated":true}]}}