{"id":3878,"date":"2023-11-16T14:33:53","date_gmt":"2023-11-16T20:33:53","guid":{"rendered":"https:\/\/www.topbikes.ca\/nicaragua\/?post_type=product&#038;p=3878"},"modified":"2023-11-16T14:35:04","modified_gmt":"2023-11-16T20:35:04","slug":"pantera-doble-parrilla-24-y-26","status":"publish","type":"product","link":"https:\/\/www.topbikes.ca\/nicaragua\/producto\/pantera-doble-parrilla-24-y-26\/","title":{"rendered":"PANTERA DOBLE PARRILLA #24  Y #26"},"content":{"rendered":"<p>Esta bicicleta categorizada como de trabajo, es una bicicleta todo terreno que puede llevarte a cualquier destino durante muchos a\u00f1os, ya que su calidad y durabilidad han sido comprobada por a\u00f1os y por miles de usuarios, la garant\u00eda es que es una Top Bikes de Vecesa<\/p>\n","protected":false},"excerpt":{"rendered":"<p>Esta bicicleta categorizada como de trabajo, es una bicicleta todo terreno que puede llevarte a cualquier destino durante muchos a\u00f1os, ya que su calidad y durabilidad han sido comprobada por a\u00f1os y por miles de usuarios, la garant\u00eda es que es una Top Bikes de Vecesa<\/p>\n","protected":false},"featured_media":3928,"template":"","meta":[],"pwb-brand":[73,62],"product_cat":[34,38],"product_tag":[],"brands":[{"id":73,"name":"Bicicletas","slug":"bicicletas"},{"id":62,"name":"Shimano","slug":"shimano"}],"_links":{"self":[{"href":"https:\/\/www.topbikes.ca\/nicaragua\/wp-json\/wp\/v2\/product\/3878"}],"collection":[{"href":"https:\/\/www.topbikes.ca\/nicaragua\/wp-json\/wp\/v2\/product"}],"about":[{"href":"https:\/\/www.topbikes.ca\/nicaragua\/wp-json\/wp\/v2\/types\/product"}],"wp:featuredmedia":[{"embeddable":true,"href":"https:\/\/www.topbikes.ca\/nicaragua\/wp-json\/wp\/v2\/media\/3928"}],"wp:attachment":[{"href":"https:\/\/www.topbikes.ca\/nicaragua\/wp-json\/wp\/v2\/media?parent=3878"}],"wp:term":[{"taxonomy":"pwb-brand","embeddable":true,"href":"https:\/\/www.topbikes.ca\/nicaragua\/wp-json\/wp\/v2\/pwb-brand?post=3878"},{"taxonomy":"product_cat","embeddable":true,"href":"https:\/\/www.topbikes.ca\/nicaragua\/wp-json\/wp\/v2\/product_cat?post=3878"},{"taxonomy":"product_tag","embeddable":true,"href":"https:\/\/www.topbikes.ca\/nicaragua\/wp-json\/wp\/v2\/product_tag?post=3878"}],"curies":[{"name":"wp","href":"https:\/\/api.w.org\/{rel}","templated":true}]}}