{"id":3899,"date":"2023-11-16T14:34:18","date_gmt":"2023-11-16T20:34:18","guid":{"rendered":"https:\/\/www.topbikes.ca\/nicaragua\/?post_type=product&#038;p=3899"},"modified":"2023-11-30T00:00:51","modified_gmt":"2023-11-30T06:00:51","slug":"lady-20-y-24","status":"publish","type":"product","link":"https:\/\/www.topbikes.ca\/nicaragua\/producto\/lady-20-y-24\/","title":{"rendered":"LADY #20 Y #24"},"content":{"rendered":"<p>La bicicleta Shimano Lady, conocida durante muchos a\u00f1os como la Shimano Puma es la bicicleta para mujer que tiene los colores y dise\u00f1o para ellas, sin dejar de ser una bicicleta agresiva en su construcci\u00f3n y materiales. garantizando durabilidad y muchos a\u00f1os de pedaleo confortable. Esta es una Top Bikes de Vecesa.<\/p>\n","protected":false},"excerpt":{"rendered":"<p>La bicicleta Shimano Lady, conocida durante muchos a\u00f1os como la Shimano Puma es la bicicleta para mujer que tiene los colores y dise\u00f1o para ellas, sin dejar de ser una bicicleta agresiva en su construcci\u00f3n y materiales. garantizando durabilidad y muchos a\u00f1os de pedaleo confortable. Esta es una Top Bikes de Vecesa.<\/p>\n","protected":false},"featured_media":3929,"template":"","meta":[],"pwb-brand":[73,62],"product_cat":[34,39,202],"product_tag":[],"brands":[{"id":73,"name":"Bicicletas","slug":"bicicletas"},{"id":62,"name":"Shimano","slug":"shimano"}],"_links":{"self":[{"href":"https:\/\/www.topbikes.ca\/nicaragua\/wp-json\/wp\/v2\/product\/3899"}],"collection":[{"href":"https:\/\/www.topbikes.ca\/nicaragua\/wp-json\/wp\/v2\/product"}],"about":[{"href":"https:\/\/www.topbikes.ca\/nicaragua\/wp-json\/wp\/v2\/types\/product"}],"wp:featuredmedia":[{"embeddable":true,"href":"https:\/\/www.topbikes.ca\/nicaragua\/wp-json\/wp\/v2\/media\/3929"}],"wp:attachment":[{"href":"https:\/\/www.topbikes.ca\/nicaragua\/wp-json\/wp\/v2\/media?parent=3899"}],"wp:term":[{"taxonomy":"pwb-brand","embeddable":true,"href":"https:\/\/www.topbikes.ca\/nicaragua\/wp-json\/wp\/v2\/pwb-brand?post=3899"},{"taxonomy":"product_cat","embeddable":true,"href":"https:\/\/www.topbikes.ca\/nicaragua\/wp-json\/wp\/v2\/product_cat?post=3899"},{"taxonomy":"product_tag","embeddable":true,"href":"https:\/\/www.topbikes.ca\/nicaragua\/wp-json\/wp\/v2\/product_tag?post=3899"}],"curies":[{"name":"wp","href":"https:\/\/api.w.org\/{rel}","templated":true}]}}