{"id":3915,"date":"2023-11-16T14:34:40","date_gmt":"2023-11-16T20:34:40","guid":{"rendered":"https:\/\/www.topbikes.ca\/nicaragua\/?post_type=product&#038;p=3915"},"modified":"2023-11-16T14:41:43","modified_gmt":"2023-11-16T20:41:43","slug":"air-freestyle-bmx","status":"publish","type":"product","link":"https:\/\/www.topbikes.ca\/nicaragua\/producto\/air-freestyle-bmx\/","title":{"rendered":"AIR FREESTYLE BMX"},"content":{"rendered":"<p>En casa, en el barrio o en el skatepark, la Air es la primera bicicleta perfecta. La geometr\u00eda del cuadro ofrece una respuesta r\u00e1pida y eficaz, lo que permite manejar la bicicleta con m\u00e1s facilidad a medida que el joven ciclista aumenta su fuerza. Con un pi\u00f1\u00f3n de 25 dientes, un buje trasero de cassette de 9 dientes y cubiertas de gran volumen, la Air permite al ciclista unirse a sus amigos sin pagar un precio alto.<\/p>\n","protected":false},"excerpt":{"rendered":"<p>En casa, en el barrio o en el skatepark, la Air es la primera bicicleta perfecta. La geometr\u00eda del cuadro ofrece una respuesta r\u00e1pida y eficaz, lo que permite manejar la bicicleta con m\u00e1s facilidad a medida que el joven ciclista aumenta su fuerza. Con un pi\u00f1\u00f3n de 25 dientes, un buje trasero de cassette [&hellip;]<\/p>\n","protected":false},"featured_media":3932,"template":"","meta":[],"pwb-brand":[73,60],"product_cat":[34,203],"product_tag":[],"brands":[{"id":73,"name":"Bicicletas","slug":"bicicletas"},{"id":60,"name":"GT","slug":"gt"}],"_links":{"self":[{"href":"https:\/\/www.topbikes.ca\/nicaragua\/wp-json\/wp\/v2\/product\/3915"}],"collection":[{"href":"https:\/\/www.topbikes.ca\/nicaragua\/wp-json\/wp\/v2\/product"}],"about":[{"href":"https:\/\/www.topbikes.ca\/nicaragua\/wp-json\/wp\/v2\/types\/product"}],"wp:featuredmedia":[{"embeddable":true,"href":"https:\/\/www.topbikes.ca\/nicaragua\/wp-json\/wp\/v2\/media\/3932"}],"wp:attachment":[{"href":"https:\/\/www.topbikes.ca\/nicaragua\/wp-json\/wp\/v2\/media?parent=3915"}],"wp:term":[{"taxonomy":"pwb-brand","embeddable":true,"href":"https:\/\/www.topbikes.ca\/nicaragua\/wp-json\/wp\/v2\/pwb-brand?post=3915"},{"taxonomy":"product_cat","embeddable":true,"href":"https:\/\/www.topbikes.ca\/nicaragua\/wp-json\/wp\/v2\/product_cat?post=3915"},{"taxonomy":"product_tag","embeddable":true,"href":"https:\/\/www.topbikes.ca\/nicaragua\/wp-json\/wp\/v2\/product_tag?post=3915"}],"curies":[{"name":"wp","href":"https:\/\/api.w.org\/{rel}","templated":true}]}}