{"id":3922,"date":"2023-11-16T14:34:41","date_gmt":"2023-11-16T20:34:41","guid":{"rendered":"https:\/\/www.topbikes.ca\/nicaragua\/?post_type=product&#038;p=3922"},"modified":"2023-11-30T00:00:51","modified_gmt":"2023-11-30T06:00:51","slug":"gt-avalanche-elite","status":"publish","type":"product","link":"https:\/\/www.topbikes.ca\/nicaragua\/producto\/gt-avalanche-elite\/","title":{"rendered":"GT AVALANCHE ELITE"},"content":{"rendered":"<p>La\u00a0<strong>GT Avalanche Elite 29&#8243;<\/strong> est\u00e1 dirigida para el aspirante a ciclista Trail y ciclistas entusiastas de monta\u00f1a que quieren una conducci\u00f3n de confianza que se adaptar\u00e1 a medida que se desarrollen sus habilidades, la Avalanche Elite cuenta con una horquilla de suspensi\u00f3n SR Suntour XCR-RL y palancas de cambio microSHIFT XLE M851 que suavizar\u00e1n la marcha y facilitar\u00e1n la subida por esas colinas y senderos,<\/p>\n<p>&nbsp;<\/p>\n<p><strong>Especificaciones<\/strong><\/p>\n<p>Cuadro: Cuadro de aluminio Gt 6061 T6, Tri\u00e1ngulo triple con tirantes de asiento flotantes, Enrutamiento de cables interno, Enrutamiento de poste telesc\u00f3pico, Boost 141 Punteras forjadas con soportes de freno de disco, Tubo de direcci\u00f3n Zero Stack Tapered 1 1 \/ 8\u00b4\u00b4 1.5\u00b4\u00b4, Ruedas 27,5 \/ 29\u00b4\u00b4<br \/>\nHorquilla: Sr Suntour Xcr rl r, 120 mm, bloqueo hidr\u00e1ulico, resorte neum\u00e1tico, ajuste de rebote<br \/>\nTama\u00f1os: Xs, sm, md, lg, xl<br \/>\nCadena: Kmc X11, 11 velocidades<br \/>\nManivela: Prowheel Charm, 32t<br \/>\nEje de pedalier: Cartucho sellado<br \/>\nPedales: Pedal plano Gt Slim Line<br \/>\nDesviador trasero: Microshift Rd m665m<br \/>\nManetas de cambio: Microshift Sl m851<br \/>\nJuego de engranajes: Microshift, 11 46t<br \/>\nLlantas: Wtb Sx19, 32 radios<br \/>\nNeum\u00e1ticos: Vittoria Barzo, 27.5 \/ 29 X 2.25\u00b4\u00b4, Wire Bead<br \/>\nBuje delantero: buje delantero Formula Cd 120<br \/>\nBuje trasero: buje trasero Formula Csg 1704<br \/>\nRadios: acero inoxidable, 14g<br \/>\nFrenos: Tektro Hd m275<br \/>\nFreno delantero: Tektro Hd m275<br \/>\nFreno trasero: Tektro Hd m275<br \/>\nManillar: Gt All Terra Alloy Riser, doble conificado, 15 mm de elevaci\u00f3n, 9 \u00b0 de barrido, 5 \u00b0 de elevaci\u00f3n, 740 mm de ancho<br \/>\nPotencia: Gt All Terra 3d Forged Alloy, 31,8, 7 \u00b0, 80 mm<br \/>\nPu\u00f1os: Declaraci\u00f3n Gt<br \/>\nCopa de direcci\u00f3n : semi integrado, cartucho sellado, c\u00f3nico<br \/>\nSill\u00edn: Wtb Silverado Sport<br \/>\nTija de sill\u00edn: Tija de sill\u00edn de aleaci\u00f3n Gt All terra Micro Adjust, 30,9 mm<\/p>\n","protected":false},"excerpt":{"rendered":"<p>La\u00a0GT Avalanche Elite 29&#8243; est\u00e1 dirigida para el aspirante a ciclista Trail y ciclistas entusiastas de monta\u00f1a que quieren una conducci\u00f3n de confianza que se adaptar\u00e1 a medida que se desarrollen sus habilidades, la Avalanche Elite cuenta con una horquilla de suspensi\u00f3n SR Suntour XCR-RL y palancas de cambio microSHIFT XLE M851 que suavizar\u00e1n la [&hellip;]<\/p>\n","protected":false},"featured_media":3957,"template":"","meta":[],"pwb-brand":[73,60],"product_cat":[34,218],"product_tag":[],"brands":[{"id":73,"name":"Bicicletas","slug":"bicicletas"},{"id":60,"name":"GT","slug":"gt"}],"_links":{"self":[{"href":"https:\/\/www.topbikes.ca\/nicaragua\/wp-json\/wp\/v2\/product\/3922"}],"collection":[{"href":"https:\/\/www.topbikes.ca\/nicaragua\/wp-json\/wp\/v2\/product"}],"about":[{"href":"https:\/\/www.topbikes.ca\/nicaragua\/wp-json\/wp\/v2\/types\/product"}],"wp:featuredmedia":[{"embeddable":true,"href":"https:\/\/www.topbikes.ca\/nicaragua\/wp-json\/wp\/v2\/media\/3957"}],"wp:attachment":[{"href":"https:\/\/www.topbikes.ca\/nicaragua\/wp-json\/wp\/v2\/media?parent=3922"}],"wp:term":[{"taxonomy":"pwb-brand","embeddable":true,"href":"https:\/\/www.topbikes.ca\/nicaragua\/wp-json\/wp\/v2\/pwb-brand?post=3922"},{"taxonomy":"product_cat","embeddable":true,"href":"https:\/\/www.topbikes.ca\/nicaragua\/wp-json\/wp\/v2\/product_cat?post=3922"},{"taxonomy":"product_tag","embeddable":true,"href":"https:\/\/www.topbikes.ca\/nicaragua\/wp-json\/wp\/v2\/product_tag?post=3922"}],"curies":[{"name":"wp","href":"https:\/\/api.w.org\/{rel}","templated":true}]}}