{"id":3935,"date":"2023-11-16T14:35:06","date_gmt":"2023-11-16T20:35:06","guid":{"rendered":"https:\/\/www.topbikes.ca\/nicaragua\/?post_type=product&#038;p=3935"},"modified":"2023-11-30T00:00:52","modified_gmt":"2023-11-30T06:00:52","slug":"gt-zaskar-elite","status":"publish","type":"product","link":"https:\/\/www.topbikes.ca\/nicaragua\/producto\/gt-zaskar-elite\/","title":{"rendered":"GT ZASKAR ELITE"},"content":{"rendered":"<p>La\u00a0<strong>GT Zaskar Elite\u00a0 29&#8243; <\/strong>\u00a0es el Rey de los Hardtails que est\u00e1 conquistando otro dominio. Con un nuevo cuadro y m\u00e1s actitud, el nuevo Zaskar Elite Triple Triangulo flotante est\u00e1 hecho para ciclistas que ponen su valor en el simple impulso de una gran conducci\u00f3n, sin ning\u00fan problema. Sea en Trail o en XC puede hacerte sentir el rey de la monta\u00f1a por competitivo que seas o en el fin de semana.<\/p>\n","protected":false},"excerpt":{"rendered":"<p>La\u00a0GT Zaskar Elite\u00a0 29&#8243; \u00a0es el Rey de los Hardtails que est\u00e1 conquistando otro dominio. Con un nuevo cuadro y m\u00e1s actitud, el nuevo Zaskar Elite Triple Triangulo flotante est\u00e1 hecho para ciclistas que ponen su valor en el simple impulso de una gran conducci\u00f3n, sin ning\u00fan problema. Sea en Trail o en XC puede [&hellip;]<\/p>\n","protected":false},"featured_media":3960,"template":"","meta":[],"pwb-brand":[73,60],"product_cat":[34,218],"product_tag":[],"brands":[{"id":73,"name":"Bicicletas","slug":"bicicletas"},{"id":60,"name":"GT","slug":"gt"}],"_links":{"self":[{"href":"https:\/\/www.topbikes.ca\/nicaragua\/wp-json\/wp\/v2\/product\/3935"}],"collection":[{"href":"https:\/\/www.topbikes.ca\/nicaragua\/wp-json\/wp\/v2\/product"}],"about":[{"href":"https:\/\/www.topbikes.ca\/nicaragua\/wp-json\/wp\/v2\/types\/product"}],"wp:featuredmedia":[{"embeddable":true,"href":"https:\/\/www.topbikes.ca\/nicaragua\/wp-json\/wp\/v2\/media\/3960"}],"wp:attachment":[{"href":"https:\/\/www.topbikes.ca\/nicaragua\/wp-json\/wp\/v2\/media?parent=3935"}],"wp:term":[{"taxonomy":"pwb-brand","embeddable":true,"href":"https:\/\/www.topbikes.ca\/nicaragua\/wp-json\/wp\/v2\/pwb-brand?post=3935"},{"taxonomy":"product_cat","embeddable":true,"href":"https:\/\/www.topbikes.ca\/nicaragua\/wp-json\/wp\/v2\/product_cat?post=3935"},{"taxonomy":"product_tag","embeddable":true,"href":"https:\/\/www.topbikes.ca\/nicaragua\/wp-json\/wp\/v2\/product_tag?post=3935"}],"curies":[{"name":"wp","href":"https:\/\/api.w.org\/{rel}","templated":true}]}}