{"id":3936,"date":"2023-11-16T14:35:06","date_gmt":"2023-11-16T20:35:06","guid":{"rendered":"https:\/\/www.topbikes.ca\/nicaragua\/?post_type=product&#038;p=3936"},"modified":"2023-11-30T00:00:51","modified_gmt":"2023-11-30T06:00:51","slug":"gt-aggressor-expert","status":"publish","type":"product","link":"https:\/\/www.topbikes.ca\/nicaragua\/producto\/gt-aggressor-expert\/","title":{"rendered":"GT AGGRESSOR EXPERT"},"content":{"rendered":"<p>Cada d\u00eda es una nueva aventura con la Aggressor Expert, nuestra bicicleta r\u00edgida todoterreno para ciclistas de monta\u00f1a recreativos que buscan lo mejor en valor, versatilidad y rendimiento.\u00a0Una horquilla delantera Suntour de 80 mm con bloqueo pasa suavemente del pavimento al sendero, absorbiendo los baches en el camino de entrada o la tierra.\u00a0Los frenos de disco Tektro hidr\u00e1ulicos duales brindan una potencia de frenado confiable y control de velocidad en todo tipo de condiciones clim\u00e1ticas y de senderos, y el sistema de cambio de 24 velocidades de microSHIFT garantiza una marcha perfecta para cualquier grado. Con un manillar ligeramente elevado, un sill\u00edn acolchado y la posibilidad de elegir entre dos tama\u00f1os de ruedas, entrar en el mundo del ciclismo de monta\u00f1a nunca se sinti\u00f3 tan natural y c\u00f3modo.<\/p>\n","protected":false},"excerpt":{"rendered":"<p>Cada d\u00eda es una nueva aventura con la Aggressor Expert, nuestra bicicleta r\u00edgida todoterreno para ciclistas de monta\u00f1a recreativos que buscan lo mejor en valor, versatilidad y rendimiento.\u00a0Una horquilla delantera Suntour de 80 mm con bloqueo pasa suavemente del pavimento al sendero, absorbiendo los baches en el camino de entrada o la tierra.\u00a0Los frenos de [&hellip;]<\/p>\n","protected":false},"featured_media":3963,"template":"","meta":[],"pwb-brand":[73,60],"product_cat":[34,218],"product_tag":[184],"brands":[{"id":73,"name":"Bicicletas","slug":"bicicletas"},{"id":60,"name":"GT","slug":"gt"}],"_links":{"self":[{"href":"https:\/\/www.topbikes.ca\/nicaragua\/wp-json\/wp\/v2\/product\/3936"}],"collection":[{"href":"https:\/\/www.topbikes.ca\/nicaragua\/wp-json\/wp\/v2\/product"}],"about":[{"href":"https:\/\/www.topbikes.ca\/nicaragua\/wp-json\/wp\/v2\/types\/product"}],"wp:featuredmedia":[{"embeddable":true,"href":"https:\/\/www.topbikes.ca\/nicaragua\/wp-json\/wp\/v2\/media\/3963"}],"wp:attachment":[{"href":"https:\/\/www.topbikes.ca\/nicaragua\/wp-json\/wp\/v2\/media?parent=3936"}],"wp:term":[{"taxonomy":"pwb-brand","embeddable":true,"href":"https:\/\/www.topbikes.ca\/nicaragua\/wp-json\/wp\/v2\/pwb-brand?post=3936"},{"taxonomy":"product_cat","embeddable":true,"href":"https:\/\/www.topbikes.ca\/nicaragua\/wp-json\/wp\/v2\/product_cat?post=3936"},{"taxonomy":"product_tag","embeddable":true,"href":"https:\/\/www.topbikes.ca\/nicaragua\/wp-json\/wp\/v2\/product_tag?post=3936"}],"curies":[{"name":"wp","href":"https:\/\/api.w.org\/{rel}","templated":true}]}}