{"id":3952,"date":"2023-11-16T14:35:09","date_gmt":"2023-11-16T20:35:09","guid":{"rendered":"https:\/\/www.topbikes.ca\/nicaragua\/?post_type=product&#038;p=3952"},"modified":"2023-11-16T14:35:54","modified_gmt":"2023-11-16T20:35:54","slug":"casco-jupiter-full-face-urbano","status":"publish","type":"product","link":"https:\/\/www.topbikes.ca\/nicaragua\/producto\/casco-jupiter-full-face-urbano\/","title":{"rendered":"CASCO J\u00daPITER FULL FACE URBANO"},"content":{"rendered":"<p><span>En una ciudad como ciudad, todo es m\u00e1s grande, m\u00e1s concurrido ya veces un poco m\u00e1s peligroso.\u00a0<\/span><span>Solo por eso, FUNKIER cre\u00f3 el casco integral urbano: J\u00fapiter.\u00a0<\/span><span>El casco proporciona protecci\u00f3n circunferencial para la cara y la cabeza y garantiza un apoyo completo de la mand\u00edbula.\u00a0<\/span><span>El interior del casco est\u00e1 hecho de tela de tapicer\u00eda de alta calidad creada con una tecnolog\u00eda de enfriamiento \u00fanica que es resistente a la polaridad y mantiene la cabeza seca.\u00a0<\/span><span>Hasta el casco se instala un sol y un parabrisas que protege los ojos incluso en todos los climas.\u00a0<\/span><span>\u00bfViajando en la ciudad?\u00a0<\/span><span>No hay duda de que el casco J\u00fapiter es justo para ti<\/span><\/p>\n","protected":false},"excerpt":{"rendered":"<p>En una ciudad como ciudad, todo es m\u00e1s grande, m\u00e1s concurrido ya veces un poco m\u00e1s peligroso.\u00a0Solo por eso, FUNKIER cre\u00f3 el casco integral urbano: J\u00fapiter.\u00a0El casco proporciona protecci\u00f3n circunferencial para la cara y la cabeza y garantiza un apoyo completo de la mand\u00edbula.\u00a0El interior del casco est\u00e1 hecho de tela de tapicer\u00eda de alta [&hellip;]<\/p>\n","protected":false},"featured_media":3984,"template":"","meta":[],"pwb-brand":[92,57],"product_cat":[222,91],"product_tag":[],"brands":[{"id":92,"name":"Equipamiento","slug":"equipamiento"},{"id":57,"name":"Funkier","slug":"funkier"}],"_links":{"self":[{"href":"https:\/\/www.topbikes.ca\/nicaragua\/wp-json\/wp\/v2\/product\/3952"}],"collection":[{"href":"https:\/\/www.topbikes.ca\/nicaragua\/wp-json\/wp\/v2\/product"}],"about":[{"href":"https:\/\/www.topbikes.ca\/nicaragua\/wp-json\/wp\/v2\/types\/product"}],"wp:featuredmedia":[{"embeddable":true,"href":"https:\/\/www.topbikes.ca\/nicaragua\/wp-json\/wp\/v2\/media\/3984"}],"wp:attachment":[{"href":"https:\/\/www.topbikes.ca\/nicaragua\/wp-json\/wp\/v2\/media?parent=3952"}],"wp:term":[{"taxonomy":"pwb-brand","embeddable":true,"href":"https:\/\/www.topbikes.ca\/nicaragua\/wp-json\/wp\/v2\/pwb-brand?post=3952"},{"taxonomy":"product_cat","embeddable":true,"href":"https:\/\/www.topbikes.ca\/nicaragua\/wp-json\/wp\/v2\/product_cat?post=3952"},{"taxonomy":"product_tag","embeddable":true,"href":"https:\/\/www.topbikes.ca\/nicaragua\/wp-json\/wp\/v2\/product_tag?post=3952"}],"curies":[{"name":"wp","href":"https:\/\/api.w.org\/{rel}","templated":true}]}}